{"id":2731,"date":"2019-11-21T20:08:43","date_gmt":"2019-11-21T20:08:43","guid":{"rendered":"http:\/\/nwtombud.ca\/?page_id=2731"},"modified":"2019-11-28T21:30:14","modified_gmt":"2019-11-28T21:30:14","slug":"comment-porter-plainte","status":"publish","type":"page","link":"https:\/\/nwtombud.ca\/fr\/comment-porter-plainte\/","title":{"rendered":"Comment porter plainte"},"content":{"rendered":"\n<h2 class=\"wp-block-heading\">Avant de communiquer avec nous\u2026<\/h2>\n\n\n\n<p>Il est\nsouvent possible de r\u00e9gler un malentendu ou une divergence d\u2019opinions en\nprenant le temps de discuter avec l\u2019autre partie et de l\u2019\u00e9couter. L\u2019organisme\nne saura pas qu\u2019il y a un probl\u00e8me si vous ne lui en parlez pas. Avant de\ncommuniquer avec nous, parlez de votre probl\u00e8me avec l\u2019organisme pour lui\ndonner la chance de le r\u00e9gler, et surtout, n\u2019oubliez pas ce qui suit&nbsp;:<\/p>\n\n\n\n<ul class=\"wp-block-list\"><li>expliquez clairement votre probl\u00e8me;\n<\/li><li>traitez les gens avec respect et\ncourtoisie, et prenez le temps de bien les \u00e9couter; <\/li><li>demandez s\u2019il est possible de parler\nde votre probl\u00e8me \u00e0 un superviseur ou \u00e0 un gestionnaire;<\/li><li>demandez comment et pourquoi une\nd\u00e9cision ou une mesure a \u00e9t\u00e9 prise; <\/li><li>demandez si un processus de r\u00e9vision\nou d\u2019appel est disponible; le cas \u00e9ch\u00e9ant, suivez-le;<\/li><li>demandez comment l\u2019organisme g\u00e9rera\nvotre probl\u00e8me et \u00e0 quel moment vous obtiendrez une r\u00e9ponse; <\/li><li>notez les noms des personnes avec\nqui vous parlez, et le moment et le contenu de la conversation;<\/li><li>posez des questions si vous ne\ncomprenez pas ce que l\u2019on vous dit;<\/li><li>gardez des copies des lettres, des\ncourriels et des autres documents.<\/li><\/ul>\n\n\n\n<p><a href=\"http:\/\/nwtombud.ca\/fr\/conseils-pour-regler-des-problemes-par-vous-meme\/\" target=\"_blank\" rel=\"noreferrer noopener\" aria-label=\"Vous pouvez obtenir d\u2019autres conseils sur la fa\u00e7on de r\u00e9soudre un probl\u00e8me avec un organisme gouvernemental ici (opens in a new tab)\">Vous pouvez obtenir d\u2019autres conseils sur la fa\u00e7on de r\u00e9soudre un probl\u00e8me avec un organisme gouvernemental ici<\/a>. <\/p>\n\n\n\n<p>Si vous\nestimez toujours que vous avez \u00e9t\u00e9 trait\u00e9 de fa\u00e7on injuste apr\u00e8s ces \u00e9tapes,\nveuillez communiquer avec le Bureau du protecteur du citoyen. <\/p>\n\n\n\n<h2 class=\"wp-block-heading\">Comment porter plainte au Bureau du protecteur du citoyen<\/h2>\n\n\n\n<p>Vous pouvez\nformuler une plainte par t\u00e9l\u00e9phone, par lettre, par t\u00e9l\u00e9copieur, par courriel,\nou en personne&nbsp;:<\/p>\n\n\n\n<p>T\u00e9l\u00e9phone&nbsp;:\n1-844-686-6283 (sans frais) ou 874-6623 (\u00e0 Hay River)<\/p>\n\n\n\n<p>Poste\u00a0: C.\u00a0P. 4297, Hay\u00a0River\u00a0NT\u00a0\u00a0X0E 1G5<\/p>\n\n\n\n<p>T\u00e9l\u00e9copieur&nbsp;:\n1-867-874-6250<\/p>\n\n\n\n<p>Courriel&nbsp;:\ninfo@nwtombud.ca<\/p>\n\n\n\n<p>Si vous\nsouhaitez porter plainte en personne, il est pr\u00e9f\u00e9rable de t\u00e9l\u00e9phoner pour\nprendre rendez-vous afin de vous assurer qu\u2019une personne sera disponible pour\nparler avec vous. Le Bureau est situ\u00e9 au 6, rue&nbsp;Courtoreille, bureau&nbsp;\n5, Hay&nbsp;River (face \u00e0 l\u2019entr\u00e9e du restaurant Back Eddy).<\/p>\n\n\n\n<p>Si vous\npr\u00e9sentez votre plainte par \u00e9crit, veuillez utiliser le formulaire sur notre\nsite&nbsp;Web. <\/p>\n\n\n\n<p>Voici les\nrenseignements dont nous aurons besoin&nbsp;:<\/p>\n\n\n\n<ul class=\"wp-block-list\"><li>votre nom complet, la fa\u00e7on de vous\njoindre et le meilleur moment pour le faire;<\/li><li>le nom de l\u2019organisme gouvernemental\nterritorial contre lequel vous portez plainte; <\/li><li>l\u2019\u00e9v\u00e9nement et la date \u00e0 laquelle il\nest survenu;<\/li><li>les raisons pour lesquelles vous\npensez avoir \u00e9t\u00e9 trait\u00e9 de fa\u00e7on injuste ou inappropri\u00e9e;<\/li><li>ce que vous avez fait pour tenter de\nr\u00e9gler le probl\u00e8me;<\/li><li>les mesures qui, selon vous, doivent\n\u00eatre prises pour r\u00e9gler le probl\u00e8me; <\/li><li>des copies de tous les documents\npertinents, comme les lettres ou les courriels \u00e9chang\u00e9s entre vous et\nl\u2019organisme concernant le probl\u00e8me, et des d\u00e9cisions que l\u2019organisme vous a\nenvoy\u00e9s.<\/li><\/ul>\n","protected":false},"excerpt":{"rendered":"<p>Avant de communiquer avec nous\u2026 Il est souvent possible de r\u00e9gler un malentendu ou une divergence d\u2019opinions en prenant le temps de discuter avec l\u2019autre partie et de l\u2019\u00e9couter. L\u2019organisme ne saura pas qu\u2019il y a un probl\u00e8me si vous ne lui en parlez pas. Avant de communiquer avec nous, parlez de votre probl\u00e8me avec &#8230; <a title=\"Comment porter plainte\" class=\"read-more\" href=\"https:\/\/nwtombud.ca\/fr\/comment-porter-plainte\/\" aria-label=\"Read more about Comment porter plainte\">Read more<\/a><\/p>\n","protected":false},"author":1,"featured_media":0,"parent":0,"menu_order":0,"comment_status":"closed","ping_status":"closed","template":"","meta":{"generate_page_header":"","footnotes":""},"class_list":["post-2731","page","type-page","status-publish"],"yoast_head":"<!-- This site is optimized with the Yoast SEO plugin v27.3 - https:\/\/yoast.com\/product\/yoast-seo-wordpress\/ -->\n<title>Comment porter plainte - Bureau du protecteur du citoyen des Territoires du nord-ouest<\/title>\n<meta name=\"robots\" content=\"index, follow, max-snippet:-1, max-image-preview:large, max-video-preview:-1\" \/>\n<link rel=\"canonical\" href=\"https:\/\/nwtombud.ca\/fr\/comment-porter-plainte\/\" \/>\n<meta property=\"og:locale\" content=\"fr_FR\" \/>\n<meta property=\"og:type\" content=\"article\" \/>\n<meta property=\"og:title\" content=\"Comment porter plainte - Bureau du protecteur du citoyen des Territoires du nord-ouest\" \/>\n<meta property=\"og:description\" content=\"Avant de communiquer avec nous\u2026 Il est souvent possible de r\u00e9gler un malentendu ou une divergence d\u2019opinions en prenant le temps de discuter avec l\u2019autre partie et de l\u2019\u00e9couter. L\u2019organisme ne saura pas qu\u2019il y a un probl\u00e8me si vous ne lui en parlez pas. Avant de communiquer avec nous, parlez de votre probl\u00e8me avec ... Read more\" \/>\n<meta property=\"og:url\" content=\"https:\/\/nwtombud.ca\/fr\/comment-porter-plainte\/\" \/>\n<meta property=\"og:site_name\" content=\"Bureau du protecteur du citoyen des Territoires du nord-ouest\" \/>\n<meta property=\"article:modified_time\" content=\"2019-11-28T21:30:14+00:00\" \/>\n<meta property=\"og:image\" content=\"https:\/\/i0.wp.com\/nwtombud.ca\/wp-content\/uploads\/2019\/11\/DSC_0635-e1573241108778.jpg?fit=1025%2C399&ssl=1\" \/>\n\t<meta property=\"og:image:width\" content=\"1025\" \/>\n\t<meta property=\"og:image:height\" content=\"399\" \/>\n\t<meta property=\"og:image:type\" content=\"image\/jpeg\" \/>\n<meta name=\"twitter:card\" content=\"summary_large_image\" \/>\n<meta name=\"twitter:label1\" content=\"Est. reading time\" \/>\n\t<meta name=\"twitter:data1\" content=\"3 minutes\" \/>\n<script type=\"application\/ld+json\" class=\"yoast-schema-graph\">{\"@context\":\"https:\\\/\\\/schema.org\",\"@graph\":[{\"@type\":\"WebPage\",\"@id\":\"https:\\\/\\\/nwtombud.ca\\\/fr\\\/comment-porter-plainte\\\/\",\"url\":\"https:\\\/\\\/nwtombud.ca\\\/fr\\\/comment-porter-plainte\\\/\",\"name\":\"Comment porter plainte - Bureau du protecteur du citoyen des Territoires du nord-ouest\",\"isPartOf\":{\"@id\":\"https:\\\/\\\/nwtombud.ca\\\/fr\\\/#website\"},\"datePublished\":\"2019-11-21T20:08:43+00:00\",\"dateModified\":\"2019-11-28T21:30:14+00:00\",\"breadcrumb\":{\"@id\":\"https:\\\/\\\/nwtombud.ca\\\/fr\\\/comment-porter-plainte\\\/#breadcrumb\"},\"inLanguage\":\"fr-FR\",\"potentialAction\":[{\"@type\":\"ReadAction\",\"target\":[\"https:\\\/\\\/nwtombud.ca\\\/fr\\\/comment-porter-plainte\\\/\"]}]},{\"@type\":\"BreadcrumbList\",\"@id\":\"https:\\\/\\\/nwtombud.ca\\\/fr\\\/comment-porter-plainte\\\/#breadcrumb\",\"itemListElement\":[{\"@type\":\"ListItem\",\"position\":1,\"name\":\"Home\",\"item\":\"https:\\\/\\\/nwtombud.ca\\\/fr\\\/\"},{\"@type\":\"ListItem\",\"position\":2,\"name\":\"Comment porter plainte\"}]},{\"@type\":\"WebSite\",\"@id\":\"https:\\\/\\\/nwtombud.ca\\\/fr\\\/#website\",\"url\":\"https:\\\/\\\/nwtombud.ca\\\/fr\\\/\",\"name\":\"Bureau du protecteur du citoyen des Territoires du nord-ouest\",\"description\":\"\",\"publisher\":{\"@id\":\"https:\\\/\\\/nwtombud.ca\\\/fr\\\/#organization\"},\"potentialAction\":[{\"@type\":\"SearchAction\",\"target\":{\"@type\":\"EntryPoint\",\"urlTemplate\":\"https:\\\/\\\/nwtombud.ca\\\/fr\\\/?s={search_term_string}\"},\"query-input\":{\"@type\":\"PropertyValueSpecification\",\"valueRequired\":true,\"valueName\":\"search_term_string\"}}],\"inLanguage\":\"fr-FR\"},{\"@type\":\"Organization\",\"@id\":\"https:\\\/\\\/nwtombud.ca\\\/fr\\\/#organization\",\"name\":\"Office of the Northwest Territories Ombud\",\"url\":\"https:\\\/\\\/nwtombud.ca\\\/fr\\\/\",\"logo\":{\"@type\":\"ImageObject\",\"inLanguage\":\"fr-FR\",\"@id\":\"https:\\\/\\\/nwtombud.ca\\\/fr\\\/#\\\/schema\\\/logo\\\/image\\\/\",\"url\":\"https:\\\/\\\/nwtombud.ca\\\/wp-content\\\/uploads\\\/2019\\\/10\\\/nwt-ombud-header-logo-en-1.png\",\"contentUrl\":\"https:\\\/\\\/nwtombud.ca\\\/wp-content\\\/uploads\\\/2019\\\/10\\\/nwt-ombud-header-logo-en-1.png\",\"width\":415,\"height\":120,\"caption\":\"Office of the Northwest Territories Ombud\"},\"image\":{\"@id\":\"https:\\\/\\\/nwtombud.ca\\\/fr\\\/#\\\/schema\\\/logo\\\/image\\\/\"}}]}<\/script>\n<!-- \/ Yoast SEO plugin. -->","yoast_head_json":{"title":"Comment porter plainte - Bureau du protecteur du citoyen des Territoires du nord-ouest","robots":{"index":"index","follow":"follow","max-snippet":"max-snippet:-1","max-image-preview":"max-image-preview:large","max-video-preview":"max-video-preview:-1"},"canonical":"https:\/\/nwtombud.ca\/fr\/comment-porter-plainte\/","og_locale":"fr_FR","og_type":"article","og_title":"Comment porter plainte - Bureau du protecteur du citoyen des Territoires du nord-ouest","og_description":"Avant de communiquer avec nous\u2026 Il est souvent possible de r\u00e9gler un malentendu ou une divergence d\u2019opinions en prenant le temps de discuter avec l\u2019autre partie et de l\u2019\u00e9couter. L\u2019organisme ne saura pas qu\u2019il y a un probl\u00e8me si vous ne lui en parlez pas. Avant de communiquer avec nous, parlez de votre probl\u00e8me avec ... Read more","og_url":"https:\/\/nwtombud.ca\/fr\/comment-porter-plainte\/","og_site_name":"Bureau du protecteur du citoyen des Territoires du nord-ouest","article_modified_time":"2019-11-28T21:30:14+00:00","og_image":[{"width":1025,"height":399,"url":"https:\/\/i0.wp.com\/nwtombud.ca\/wp-content\/uploads\/2019\/11\/DSC_0635-e1573241108778.jpg?fit=1025%2C399&ssl=1","type":"image\/jpeg"}],"twitter_card":"summary_large_image","twitter_misc":{"Est. reading time":"3 minutes"},"schema":{"@context":"https:\/\/schema.org","@graph":[{"@type":"WebPage","@id":"https:\/\/nwtombud.ca\/fr\/comment-porter-plainte\/","url":"https:\/\/nwtombud.ca\/fr\/comment-porter-plainte\/","name":"Comment porter plainte - Bureau du protecteur du citoyen des Territoires du nord-ouest","isPartOf":{"@id":"https:\/\/nwtombud.ca\/fr\/#website"},"datePublished":"2019-11-21T20:08:43+00:00","dateModified":"2019-11-28T21:30:14+00:00","breadcrumb":{"@id":"https:\/\/nwtombud.ca\/fr\/comment-porter-plainte\/#breadcrumb"},"inLanguage":"fr-FR","potentialAction":[{"@type":"ReadAction","target":["https:\/\/nwtombud.ca\/fr\/comment-porter-plainte\/"]}]},{"@type":"BreadcrumbList","@id":"https:\/\/nwtombud.ca\/fr\/comment-porter-plainte\/#breadcrumb","itemListElement":[{"@type":"ListItem","position":1,"name":"Home","item":"https:\/\/nwtombud.ca\/fr\/"},{"@type":"ListItem","position":2,"name":"Comment porter plainte"}]},{"@type":"WebSite","@id":"https:\/\/nwtombud.ca\/fr\/#website","url":"https:\/\/nwtombud.ca\/fr\/","name":"Bureau du protecteur du citoyen des Territoires du nord-ouest","description":"","publisher":{"@id":"https:\/\/nwtombud.ca\/fr\/#organization"},"potentialAction":[{"@type":"SearchAction","target":{"@type":"EntryPoint","urlTemplate":"https:\/\/nwtombud.ca\/fr\/?s={search_term_string}"},"query-input":{"@type":"PropertyValueSpecification","valueRequired":true,"valueName":"search_term_string"}}],"inLanguage":"fr-FR"},{"@type":"Organization","@id":"https:\/\/nwtombud.ca\/fr\/#organization","name":"Office of the Northwest Territories Ombud","url":"https:\/\/nwtombud.ca\/fr\/","logo":{"@type":"ImageObject","inLanguage":"fr-FR","@id":"https:\/\/nwtombud.ca\/fr\/#\/schema\/logo\/image\/","url":"https:\/\/nwtombud.ca\/wp-content\/uploads\/2019\/10\/nwt-ombud-header-logo-en-1.png","contentUrl":"https:\/\/nwtombud.ca\/wp-content\/uploads\/2019\/10\/nwt-ombud-header-logo-en-1.png","width":415,"height":120,"caption":"Office of the Northwest Territories Ombud"},"image":{"@id":"https:\/\/nwtombud.ca\/fr\/#\/schema\/logo\/image\/"}}]}},"jetpack_shortlink":"https:\/\/wp.me\/PbwmVy-I3","jetpack-related-posts":[{"id":2781,"url":"https:\/\/nwtombud.ca\/fr\/conseils-pour-regler-des-problemes-par-vous-meme\/","url_meta":{"origin":2731,"position":0},"title":"Conseils pour r\u00e9gler des probl\u00e8mes par vous-m\u00eame","author":"admin","date":"November 25, 2019","format":false,"excerpt":"Les conseils suivants contiennent information et conseils pratiques sur la mani\u00e8re de traiter avec le gouvernement pour r\u00e9soudre vos probl\u00e8mes vous-m\u00eame avant de communiquer avec le bureau de la protectrice du citoyen ou un autre organisme pour obtenir de l\u2019aide. Des conflits, des d\u00e9saccords et des divergences d\u2019opinions peuvent survenir\u00a0:\u2026","rel":"","context":"Similar post","block_context":{"text":"Similar post","link":""},"img":{"alt_text":"","src":"","width":0,"height":0},"classes":[]},{"id":2692,"url":"https:\/\/nwtombud.ca\/fr\/que-se-passe-t-il-lorsque-je-communique-avec-le-protecteur-du-citoyen\/","url_meta":{"origin":2731,"position":1},"title":"Que se passe-t-il lorsque je communique avec le protecteur du citoyen?","author":"admin","date":"November 20, 2019","format":false,"excerpt":"Notre approcheDownload Voici ce qui se produit lorsque vous portez votre probl\u00e8me \u00e0 l\u2019attention du Bureau du protecteur du citoyen\u00a0: Nous \u00e9coutons (si vous nous appelez) ou nous lisons les renseignements que vous nous avez envoy\u00e9s. Ensuite, en fonction de ce que vous nous dites, nous pouvons\u00a0: vous donner de\u2026","rel":"","context":"Similar post","block_context":{"text":"Similar post","link":""},"img":{"alt_text":"","src":"","width":0,"height":0},"classes":[]},{"id":2703,"url":"https:\/\/nwtombud.ca\/fr\/foire-aux-questions\/","url_meta":{"origin":2731,"position":2},"title":"Foire aux questions","author":"admin","date":"November 20, 2019","format":false,"excerpt":"Qu\u2019est-ce que le Bureau du protecteur du citoyen? Il s\u2019agit d\u2019un bureau ind\u00e9pendant qui d\u00e9fend l\u2019\u00e9quit\u00e9 au sein de l\u2019administration et des services gouvernementaux aux TNO. Il re\u00e7oit les plaintes de citoyens qui estiment avoir \u00e9t\u00e9 trait\u00e9s de fa\u00e7on injuste par les organismes territoriaux et m\u00e8ne des enqu\u00eates sur ces\u2026","rel":"","context":"Similar post","block_context":{"text":"Similar post","link":""},"img":{"alt_text":"","src":"","width":0,"height":0},"classes":[]},{"id":2785,"url":"https:\/\/nwtombud.ca\/fr\/ressources\/informations-pour-les-autorites\/","url_meta":{"origin":2731,"position":3},"title":"Informations pour les autorit\u00e9s","author":"admin","date":"November 26, 2019","format":false,"excerpt":"Lorsque le bureau de la protectrice du citoyen communique avec votre organisme au sujet d\u2019une plainte, nous cherchons \u00e0\u00a0: comprendre, du point de vue de votre organisme, ce qui s\u2019est pass\u00e9 dans la situation qui fait l\u2019objet d\u2019une plainte; obtenir toutes les politiques et proc\u00e9dures applicables, ainsi que les dossiers\u2026","rel":"","context":"Similar post","block_context":{"text":"Similar post","link":""},"img":{"alt_text":"","src":"","width":0,"height":0},"classes":[]},{"id":2748,"url":"https:\/\/nwtombud.ca\/fr\/a-propos\/","url_meta":{"origin":2731,"position":4},"title":"\u00c0 propos","author":"admin","date":"November 21, 2019","format":false,"excerpt":"Le mandat du protecteur du citoyen consiste \u00e0 examiner les iniquit\u00e9s administratives au sein des administrations publiques territoriales et \u00e0 tenter d\u2019y trouver une solution. Il consiste \u00e9galement \u00e0 informer le public au sujet des principes de l\u2019\u00e9quit\u00e9 administrative et du r\u00f4le du protecteur du citoyen. Caract\u00e9ristiques du Bureau\u00a0: Il\u2026","rel":"","context":"Similar post","block_context":{"text":"Similar post","link":""},"img":{"alt_text":"","src":"","width":0,"height":0},"classes":[]},{"id":2717,"url":"https:\/\/nwtombud.ca\/fr\/a-propos-de-lequite-administrative\/","url_meta":{"origin":2731,"position":5},"title":"L\u2019\u00e9quit\u00e9 administrative","author":"admin","date":"November 20, 2019","format":false,"excerpt":"Chaque jour, les organismes gouvernementaux prennent des mesures et des d\u00e9cisions qui influencent la vie des gens. L\u2019\u00e9quit\u00e9 administrative est une norme de conduite que les organismes gouvernementaux d\u2019une soci\u00e9t\u00e9 d\u00e9mocratique sont tenus d\u2019adopter. On s\u2019attend \u00e0 ce que les organismes gouvernementaux traitent les gens de fa\u00e7on \u00e9quitable et raisonnable.\u2026","rel":"","context":"Similar post","block_context":{"text":"Similar post","link":""},"img":{"alt_text":"","src":"https:\/\/i0.wp.com\/nwtombud.ca\/wp-content\/uploads\/2019\/11\/fairness-triangle-fr.png?resize=350%2C200&ssl=1","width":350,"height":200},"classes":[]}],"jetpack_sharing_enabled":true,"_links":{"self":[{"href":"https:\/\/nwtombud.ca\/fr\/wp-json\/wp\/v2\/pages\/2731","targetHints":{"allow":["GET"]}}],"collection":[{"href":"https:\/\/nwtombud.ca\/fr\/wp-json\/wp\/v2\/pages"}],"about":[{"href":"https:\/\/nwtombud.ca\/fr\/wp-json\/wp\/v2\/types\/page"}],"author":[{"embeddable":true,"href":"https:\/\/nwtombud.ca\/fr\/wp-json\/wp\/v2\/users\/1"}],"replies":[{"embeddable":true,"href":"https:\/\/nwtombud.ca\/fr\/wp-json\/wp\/v2\/comments?post=2731"}],"version-history":[{"count":3,"href":"https:\/\/nwtombud.ca\/fr\/wp-json\/wp\/v2\/pages\/2731\/revisions"}],"predecessor-version":[{"id":2853,"href":"https:\/\/nwtombud.ca\/fr\/wp-json\/wp\/v2\/pages\/2731\/revisions\/2853"}],"wp:attachment":[{"href":"https:\/\/nwtombud.ca\/fr\/wp-json\/wp\/v2\/media?parent=2731"}],"curies":[{"name":"wp","href":"https:\/\/api.w.org\/{rel}","templated":true}]}}