{"id":2753,"date":"2019-11-21T22:49:37","date_gmt":"2019-11-21T22:49:37","guid":{"rendered":"http:\/\/nwtombud.ca\/?page_id=2753"},"modified":"2024-07-05T10:58:57","modified_gmt":"2024-07-05T16:58:57","slug":"la-protectrice-du-citoyen","status":"publish","type":"page","link":"https:\/\/nwtombud.ca\/fr\/a-propos\/la-protectrice-du-citoyen\/","title":{"rendered":"La protectrice du citoyen"},"content":{"rendered":"<div class=\"wp-block-image\">\n<figure class=\"alignleft size-medium\"><img data-recalc-dims=\"1\" loading=\"lazy\" decoding=\"async\" width=\"258\" height=\"300\" data-attachment-id=\"4146\" data-permalink=\"https:\/\/nwtombud.ca\/fr\/a-propos\/la-protectrice-du-citoyen\/pic-for-site-cropped-2\/#main\" data-orig-file=\"https:\/\/i0.wp.com\/nwtombud.ca\/wp-content\/uploads\/2024\/07\/Pic-for-site-cropped.jpg?fit=1974%2C2296&amp;ssl=1\" data-orig-size=\"1974,2296\" data-comments-opened=\"1\" data-image-meta=\"{&quot;aperture&quot;:&quot;0&quot;,&quot;credit&quot;:&quot;&quot;,&quot;camera&quot;:&quot;&quot;,&quot;caption&quot;:&quot;&quot;,&quot;created_timestamp&quot;:&quot;0&quot;,&quot;copyright&quot;:&quot;&quot;,&quot;focal_length&quot;:&quot;0&quot;,&quot;iso&quot;:&quot;0&quot;,&quot;shutter_speed&quot;:&quot;0&quot;,&quot;title&quot;:&quot;&quot;,&quot;orientation&quot;:&quot;0&quot;}\" data-image-title=\"Pic-for-site-cropped\" data-image-description=\"\" data-image-caption=\"\" data-large-file=\"https:\/\/i0.wp.com\/nwtombud.ca\/wp-content\/uploads\/2024\/07\/Pic-for-site-cropped.jpg?fit=880%2C1024&amp;ssl=1\" src=\"https:\/\/i0.wp.com\/nwtombud.ca\/wp-content\/uploads\/2024\/07\/Pic-for-site-cropped.jpg?resize=258%2C300&#038;ssl=1\" alt=\"\" class=\"wp-image-4146\" srcset=\"https:\/\/i0.wp.com\/nwtombud.ca\/wp-content\/uploads\/2024\/07\/Pic-for-site-cropped.jpg?resize=258%2C300&amp;ssl=1 258w, https:\/\/i0.wp.com\/nwtombud.ca\/wp-content\/uploads\/2024\/07\/Pic-for-site-cropped.jpg?resize=880%2C1024&amp;ssl=1 880w, https:\/\/i0.wp.com\/nwtombud.ca\/wp-content\/uploads\/2024\/07\/Pic-for-site-cropped.jpg?resize=768%2C893&amp;ssl=1 768w, https:\/\/i0.wp.com\/nwtombud.ca\/wp-content\/uploads\/2024\/07\/Pic-for-site-cropped.jpg?resize=1321%2C1536&amp;ssl=1 1321w, https:\/\/i0.wp.com\/nwtombud.ca\/wp-content\/uploads\/2024\/07\/Pic-for-site-cropped.jpg?resize=1761%2C2048&amp;ssl=1 1761w, https:\/\/i0.wp.com\/nwtombud.ca\/wp-content\/uploads\/2024\/07\/Pic-for-site-cropped.jpg?w=1974&amp;ssl=1 1974w\" sizes=\"auto, (max-width: 258px) 100vw, 258px\" \/><\/figure>\n<\/div>\n\n\n<p>M<sup>me<\/sup>&nbsp;Krista Carnogursky a \u00e9t\u00e9 nomm\u00e9e protectrice du citoyen par l\u2019Assembl\u00e9e l\u00e9gislative pour un mandat de cinq ans \u00e0 compter du 1<sup>er<\/sup>&nbsp;juillet&nbsp;2024.<\/p>\n\n\n\n<p>N\u00e9e \u00e0 Inuvik, aux Territoires du Nord-Ouest, M<sup>me<\/sup>&nbsp;Carnogursky est d\u2019origine gwich\u2019in. Apr\u00e8s avoir fait des \u00e9tudes postsecondaires, elle obtient un dipl\u00f4me en services correctionnels ainsi qu\u2019un dipl\u00f4me en justice p\u00e9nale.<\/p>\n\n\n\n<p>La carri\u00e8re de M<sup>me<\/sup>&nbsp;Carnogursky dans la fonction publique, qu\u2019elle m\u00e8ne depuis 18&nbsp;ans, commence au minist\u00e8re de la Justice, plus pr\u00e9cis\u00e9ment au Centre de d\u00e9tention pour jeunes contrevenants du Slave Nord, o\u00f9 elle exerce d\u2019abord la fonction d\u2019agente de probation, puis celle d\u2019agente principale de probation. Ces postes lui permettent d\u2019acqu\u00e9rir une exp\u00e9rience pr\u00e9cieuse pour mener des entrevues; interpr\u00e9ter les lois, les r\u00e8glements, les politiques et les proc\u00e9dures; r\u00e9diger des rapports; et formuler des recommandations. Ensuite, \u00e0 titre de gestionnaire de la diversit\u00e9 et de l\u2019inclusion au minist\u00e8re des Finances, elle \u00e9labore et \u00e9value des strat\u00e9gies, des initiatives et des programmes globaux de diversit\u00e9 et d\u2019inclusion \u00e0 l\u2019\u00e9chelle du GTNO, en plus de rep\u00e9rer les obstacles syst\u00e9miques dans la fonction publique et d\u2019\u00e9mettre des recommandations pour les surmonter.<\/p>\n\n\n\n<p>\u00ab&nbsp;J\u2019ai toujours recherch\u00e9 des postes qui me permettaient de changer les choses, et je me r\u00e9jouis \u00e0 l\u2019id\u00e9e de soutenir les T\u00e9nois en formulant des recommandations sur l\u2019\u00e9quit\u00e9 dans les mesures administratives du gouvernement.&nbsp;\u00bb<\/p>\n","protected":false},"excerpt":{"rendered":"<p>Mme&nbsp;Krista Carnogursky a \u00e9t\u00e9 nomm\u00e9e protectrice du citoyen par l\u2019Assembl\u00e9e l\u00e9gislative pour un mandat de cinq ans \u00e0 compter du 1er&nbsp;juillet&nbsp;2024. N\u00e9e \u00e0 Inuvik, aux Territoires du Nord-Ouest, Mme&nbsp;Carnogursky est d\u2019origine gwich\u2019in. Apr\u00e8s avoir fait des \u00e9tudes postsecondaires, elle obtient un dipl\u00f4me en services correctionnels ainsi qu\u2019un dipl\u00f4me en justice p\u00e9nale. La carri\u00e8re de Mme&nbsp;Carnogursky &#8230; <a title=\"La protectrice du citoyen\" class=\"read-more\" href=\"https:\/\/nwtombud.ca\/fr\/a-propos\/la-protectrice-du-citoyen\/\" aria-label=\"Read more about La protectrice du citoyen\">Read more<\/a><\/p>\n","protected":false},"author":1,"featured_media":0,"parent":2748,"menu_order":0,"comment_status":"closed","ping_status":"closed","template":"","meta":{"generate_page_header":"","footnotes":""},"class_list":["post-2753","page","type-page","status-publish"],"yoast_head":"<!-- This site is optimized with the Yoast SEO plugin v27.3 - https:\/\/yoast.com\/product\/yoast-seo-wordpress\/ -->\n<title>La protectrice du citoyen - Bureau du protecteur du citoyen des Territoires du nord-ouest<\/title>\n<meta name=\"robots\" content=\"index, follow, max-snippet:-1, max-image-preview:large, max-video-preview:-1\" \/>\n<link rel=\"canonical\" href=\"https:\/\/nwtombud.ca\/fr\/a-propos\/la-protectrice-du-citoyen\/\" \/>\n<meta property=\"og:locale\" content=\"fr_FR\" \/>\n<meta property=\"og:type\" content=\"article\" \/>\n<meta property=\"og:title\" content=\"La protectrice du citoyen - Bureau du protecteur du citoyen des Territoires du nord-ouest\" \/>\n<meta property=\"og:description\" content=\"Mme&nbsp;Krista Carnogursky a \u00e9t\u00e9 nomm\u00e9e protectrice du citoyen par l\u2019Assembl\u00e9e l\u00e9gislative pour un mandat de cinq ans \u00e0 compter du 1er&nbsp;juillet&nbsp;2024. N\u00e9e \u00e0 Inuvik, aux Territoires du Nord-Ouest, Mme&nbsp;Carnogursky est d\u2019origine gwich\u2019in. Apr\u00e8s avoir fait des \u00e9tudes postsecondaires, elle obtient un dipl\u00f4me en services correctionnels ainsi qu\u2019un dipl\u00f4me en justice p\u00e9nale. La carri\u00e8re de Mme&nbsp;Carnogursky ... Read more\" \/>\n<meta property=\"og:url\" content=\"https:\/\/nwtombud.ca\/fr\/a-propos\/la-protectrice-du-citoyen\/\" \/>\n<meta property=\"og:site_name\" content=\"Bureau du protecteur du citoyen des Territoires du nord-ouest\" \/>\n<meta property=\"article:modified_time\" content=\"2024-07-05T16:58:57+00:00\" \/>\n<meta property=\"og:image\" content=\"https:\/\/nwtombud.ca\/wp-content\/uploads\/2024\/07\/Pic-for-site-cropped-258x300.jpg\" \/>\n<meta name=\"twitter:card\" content=\"summary_large_image\" \/>\n<meta name=\"twitter:label1\" content=\"Est. reading time\" \/>\n\t<meta name=\"twitter:data1\" content=\"2 minutes\" \/>\n<script type=\"application\/ld+json\" class=\"yoast-schema-graph\">{\"@context\":\"https:\\\/\\\/schema.org\",\"@graph\":[{\"@type\":\"WebPage\",\"@id\":\"https:\\\/\\\/nwtombud.ca\\\/fr\\\/a-propos\\\/la-protectrice-du-citoyen\\\/\",\"url\":\"https:\\\/\\\/nwtombud.ca\\\/fr\\\/a-propos\\\/la-protectrice-du-citoyen\\\/\",\"name\":\"La protectrice du citoyen - Bureau du protecteur du citoyen des Territoires du nord-ouest\",\"isPartOf\":{\"@id\":\"https:\\\/\\\/nwtombud.ca\\\/fr\\\/#website\"},\"primaryImageOfPage\":{\"@id\":\"https:\\\/\\\/nwtombud.ca\\\/fr\\\/a-propos\\\/la-protectrice-du-citoyen\\\/#primaryimage\"},\"image\":{\"@id\":\"https:\\\/\\\/nwtombud.ca\\\/fr\\\/a-propos\\\/la-protectrice-du-citoyen\\\/#primaryimage\"},\"thumbnailUrl\":\"https:\\\/\\\/nwtombud.ca\\\/wp-content\\\/uploads\\\/2024\\\/07\\\/Pic-for-site-cropped-258x300.jpg\",\"datePublished\":\"2019-11-21T22:49:37+00:00\",\"dateModified\":\"2024-07-05T16:58:57+00:00\",\"breadcrumb\":{\"@id\":\"https:\\\/\\\/nwtombud.ca\\\/fr\\\/a-propos\\\/la-protectrice-du-citoyen\\\/#breadcrumb\"},\"inLanguage\":\"fr-FR\",\"potentialAction\":[{\"@type\":\"ReadAction\",\"target\":[\"https:\\\/\\\/nwtombud.ca\\\/fr\\\/a-propos\\\/la-protectrice-du-citoyen\\\/\"]}]},{\"@type\":\"ImageObject\",\"inLanguage\":\"fr-FR\",\"@id\":\"https:\\\/\\\/nwtombud.ca\\\/fr\\\/a-propos\\\/la-protectrice-du-citoyen\\\/#primaryimage\",\"url\":\"https:\\\/\\\/nwtombud.ca\\\/wp-content\\\/uploads\\\/2024\\\/07\\\/Pic-for-site-cropped-258x300.jpg\",\"contentUrl\":\"https:\\\/\\\/nwtombud.ca\\\/wp-content\\\/uploads\\\/2024\\\/07\\\/Pic-for-site-cropped-258x300.jpg\"},{\"@type\":\"BreadcrumbList\",\"@id\":\"https:\\\/\\\/nwtombud.ca\\\/fr\\\/a-propos\\\/la-protectrice-du-citoyen\\\/#breadcrumb\",\"itemListElement\":[{\"@type\":\"ListItem\",\"position\":1,\"name\":\"Home\",\"item\":\"https:\\\/\\\/nwtombud.ca\\\/fr\\\/\"},{\"@type\":\"ListItem\",\"position\":2,\"name\":\"\u00c0 propos\",\"item\":\"https:\\\/\\\/nwtombud.ca\\\/fr\\\/a-propos\\\/\"},{\"@type\":\"ListItem\",\"position\":3,\"name\":\"La protectrice du citoyen\"}]},{\"@type\":\"WebSite\",\"@id\":\"https:\\\/\\\/nwtombud.ca\\\/fr\\\/#website\",\"url\":\"https:\\\/\\\/nwtombud.ca\\\/fr\\\/\",\"name\":\"Bureau du protecteur du citoyen des Territoires du nord-ouest\",\"description\":\"\",\"publisher\":{\"@id\":\"https:\\\/\\\/nwtombud.ca\\\/fr\\\/#organization\"},\"potentialAction\":[{\"@type\":\"SearchAction\",\"target\":{\"@type\":\"EntryPoint\",\"urlTemplate\":\"https:\\\/\\\/nwtombud.ca\\\/fr\\\/?s={search_term_string}\"},\"query-input\":{\"@type\":\"PropertyValueSpecification\",\"valueRequired\":true,\"valueName\":\"search_term_string\"}}],\"inLanguage\":\"fr-FR\"},{\"@type\":\"Organization\",\"@id\":\"https:\\\/\\\/nwtombud.ca\\\/fr\\\/#organization\",\"name\":\"Office of the Northwest Territories Ombud\",\"url\":\"https:\\\/\\\/nwtombud.ca\\\/fr\\\/\",\"logo\":{\"@type\":\"ImageObject\",\"inLanguage\":\"fr-FR\",\"@id\":\"https:\\\/\\\/nwtombud.ca\\\/fr\\\/#\\\/schema\\\/logo\\\/image\\\/\",\"url\":\"https:\\\/\\\/nwtombud.ca\\\/wp-content\\\/uploads\\\/2019\\\/10\\\/nwt-ombud-header-logo-en-1.png\",\"contentUrl\":\"https:\\\/\\\/nwtombud.ca\\\/wp-content\\\/uploads\\\/2019\\\/10\\\/nwt-ombud-header-logo-en-1.png\",\"width\":415,\"height\":120,\"caption\":\"Office of the Northwest Territories Ombud\"},\"image\":{\"@id\":\"https:\\\/\\\/nwtombud.ca\\\/fr\\\/#\\\/schema\\\/logo\\\/image\\\/\"}}]}<\/script>\n<!-- \/ Yoast SEO plugin. -->","yoast_head_json":{"title":"La protectrice du citoyen - Bureau du protecteur du citoyen des Territoires du nord-ouest","robots":{"index":"index","follow":"follow","max-snippet":"max-snippet:-1","max-image-preview":"max-image-preview:large","max-video-preview":"max-video-preview:-1"},"canonical":"https:\/\/nwtombud.ca\/fr\/a-propos\/la-protectrice-du-citoyen\/","og_locale":"fr_FR","og_type":"article","og_title":"La protectrice du citoyen - Bureau du protecteur du citoyen des Territoires du nord-ouest","og_description":"Mme&nbsp;Krista Carnogursky a \u00e9t\u00e9 nomm\u00e9e protectrice du citoyen par l\u2019Assembl\u00e9e l\u00e9gislative pour un mandat de cinq ans \u00e0 compter du 1er&nbsp;juillet&nbsp;2024. N\u00e9e \u00e0 Inuvik, aux Territoires du Nord-Ouest, Mme&nbsp;Carnogursky est d\u2019origine gwich\u2019in. Apr\u00e8s avoir fait des \u00e9tudes postsecondaires, elle obtient un dipl\u00f4me en services correctionnels ainsi qu\u2019un dipl\u00f4me en justice p\u00e9nale. La carri\u00e8re de Mme&nbsp;Carnogursky ... Read more","og_url":"https:\/\/nwtombud.ca\/fr\/a-propos\/la-protectrice-du-citoyen\/","og_site_name":"Bureau du protecteur du citoyen des Territoires du nord-ouest","article_modified_time":"2024-07-05T16:58:57+00:00","og_image":[{"url":"https:\/\/nwtombud.ca\/wp-content\/uploads\/2024\/07\/Pic-for-site-cropped-258x300.jpg","type":"","width":"","height":""}],"twitter_card":"summary_large_image","twitter_misc":{"Est. reading time":"2 minutes"},"schema":{"@context":"https:\/\/schema.org","@graph":[{"@type":"WebPage","@id":"https:\/\/nwtombud.ca\/fr\/a-propos\/la-protectrice-du-citoyen\/","url":"https:\/\/nwtombud.ca\/fr\/a-propos\/la-protectrice-du-citoyen\/","name":"La protectrice du citoyen - Bureau du protecteur du citoyen des Territoires du nord-ouest","isPartOf":{"@id":"https:\/\/nwtombud.ca\/fr\/#website"},"primaryImageOfPage":{"@id":"https:\/\/nwtombud.ca\/fr\/a-propos\/la-protectrice-du-citoyen\/#primaryimage"},"image":{"@id":"https:\/\/nwtombud.ca\/fr\/a-propos\/la-protectrice-du-citoyen\/#primaryimage"},"thumbnailUrl":"https:\/\/nwtombud.ca\/wp-content\/uploads\/2024\/07\/Pic-for-site-cropped-258x300.jpg","datePublished":"2019-11-21T22:49:37+00:00","dateModified":"2024-07-05T16:58:57+00:00","breadcrumb":{"@id":"https:\/\/nwtombud.ca\/fr\/a-propos\/la-protectrice-du-citoyen\/#breadcrumb"},"inLanguage":"fr-FR","potentialAction":[{"@type":"ReadAction","target":["https:\/\/nwtombud.ca\/fr\/a-propos\/la-protectrice-du-citoyen\/"]}]},{"@type":"ImageObject","inLanguage":"fr-FR","@id":"https:\/\/nwtombud.ca\/fr\/a-propos\/la-protectrice-du-citoyen\/#primaryimage","url":"https:\/\/nwtombud.ca\/wp-content\/uploads\/2024\/07\/Pic-for-site-cropped-258x300.jpg","contentUrl":"https:\/\/nwtombud.ca\/wp-content\/uploads\/2024\/07\/Pic-for-site-cropped-258x300.jpg"},{"@type":"BreadcrumbList","@id":"https:\/\/nwtombud.ca\/fr\/a-propos\/la-protectrice-du-citoyen\/#breadcrumb","itemListElement":[{"@type":"ListItem","position":1,"name":"Home","item":"https:\/\/nwtombud.ca\/fr\/"},{"@type":"ListItem","position":2,"name":"\u00c0 propos","item":"https:\/\/nwtombud.ca\/fr\/a-propos\/"},{"@type":"ListItem","position":3,"name":"La protectrice du citoyen"}]},{"@type":"WebSite","@id":"https:\/\/nwtombud.ca\/fr\/#website","url":"https:\/\/nwtombud.ca\/fr\/","name":"Bureau du protecteur du citoyen des Territoires du nord-ouest","description":"","publisher":{"@id":"https:\/\/nwtombud.ca\/fr\/#organization"},"potentialAction":[{"@type":"SearchAction","target":{"@type":"EntryPoint","urlTemplate":"https:\/\/nwtombud.ca\/fr\/?s={search_term_string}"},"query-input":{"@type":"PropertyValueSpecification","valueRequired":true,"valueName":"search_term_string"}}],"inLanguage":"fr-FR"},{"@type":"Organization","@id":"https:\/\/nwtombud.ca\/fr\/#organization","name":"Office of the Northwest Territories Ombud","url":"https:\/\/nwtombud.ca\/fr\/","logo":{"@type":"ImageObject","inLanguage":"fr-FR","@id":"https:\/\/nwtombud.ca\/fr\/#\/schema\/logo\/image\/","url":"https:\/\/nwtombud.ca\/wp-content\/uploads\/2019\/10\/nwt-ombud-header-logo-en-1.png","contentUrl":"https:\/\/nwtombud.ca\/wp-content\/uploads\/2019\/10\/nwt-ombud-header-logo-en-1.png","width":415,"height":120,"caption":"Office of the Northwest Territories Ombud"},"image":{"@id":"https:\/\/nwtombud.ca\/fr\/#\/schema\/logo\/image\/"}}]}},"jetpack_shortlink":"https:\/\/wp.me\/PbwmVy-Ip","jetpack-related-posts":[{"id":2785,"url":"https:\/\/nwtombud.ca\/fr\/ressources\/informations-pour-les-autorites\/","url_meta":{"origin":2753,"position":0},"title":"Informations pour les autorit\u00e9s","author":"admin","date":"November 26, 2019","format":false,"excerpt":"Lorsque le bureau de la protectrice du citoyen communique avec votre organisme au sujet d\u2019une plainte, nous cherchons \u00e0\u00a0: comprendre, du point de vue de votre organisme, ce qui s\u2019est pass\u00e9 dans la situation qui fait l\u2019objet d\u2019une plainte; obtenir toutes les politiques et proc\u00e9dures applicables, ainsi que les dossiers\u2026","rel":"","context":"Similar post","block_context":{"text":"Similar post","link":""},"img":{"alt_text":"","src":"","width":0,"height":0},"classes":[]},{"id":2781,"url":"https:\/\/nwtombud.ca\/fr\/conseils-pour-regler-des-problemes-par-vous-meme\/","url_meta":{"origin":2753,"position":1},"title":"Conseils pour r\u00e9gler des probl\u00e8mes par vous-m\u00eame","author":"admin","date":"November 25, 2019","format":false,"excerpt":"Les conseils suivants contiennent information et conseils pratiques sur la mani\u00e8re de traiter avec le gouvernement pour r\u00e9soudre vos probl\u00e8mes vous-m\u00eame avant de communiquer avec le bureau de la protectrice du citoyen ou un autre organisme pour obtenir de l\u2019aide. Des conflits, des d\u00e9saccords et des divergences d\u2019opinions peuvent survenir\u00a0:\u2026","rel":"","context":"Similar post","block_context":{"text":"Similar post","link":""},"img":{"alt_text":"","src":"","width":0,"height":0},"classes":[]},{"id":2703,"url":"https:\/\/nwtombud.ca\/fr\/foire-aux-questions\/","url_meta":{"origin":2753,"position":2},"title":"Foire aux questions","author":"admin","date":"November 20, 2019","format":false,"excerpt":"Qu\u2019est-ce que le Bureau du protecteur du citoyen? Il s\u2019agit d\u2019un bureau ind\u00e9pendant qui d\u00e9fend l\u2019\u00e9quit\u00e9 au sein de l\u2019administration et des services gouvernementaux aux TNO. Il re\u00e7oit les plaintes de citoyens qui estiment avoir \u00e9t\u00e9 trait\u00e9s de fa\u00e7on injuste par les organismes territoriaux et m\u00e8ne des enqu\u00eates sur ces\u2026","rel":"","context":"Similar post","block_context":{"text":"Similar post","link":""},"img":{"alt_text":"","src":"","width":0,"height":0},"classes":[]},{"id":2748,"url":"https:\/\/nwtombud.ca\/fr\/a-propos\/","url_meta":{"origin":2753,"position":3},"title":"\u00c0 propos","author":"admin","date":"November 21, 2019","format":false,"excerpt":"Le mandat du protecteur du citoyen consiste \u00e0 examiner les iniquit\u00e9s administratives au sein des administrations publiques territoriales et \u00e0 tenter d\u2019y trouver une solution. Il consiste \u00e9galement \u00e0 informer le public au sujet des principes de l\u2019\u00e9quit\u00e9 administrative et du r\u00f4le du protecteur du citoyen. Caract\u00e9ristiques du Bureau\u00a0: Il\u2026","rel":"","context":"Similar post","block_context":{"text":"Similar post","link":""},"img":{"alt_text":"","src":"","width":0,"height":0},"classes":[]},{"id":2692,"url":"https:\/\/nwtombud.ca\/fr\/que-se-passe-t-il-lorsque-je-communique-avec-le-protecteur-du-citoyen\/","url_meta":{"origin":2753,"position":4},"title":"Que se passe-t-il lorsque je communique avec le protecteur du citoyen?","author":"admin","date":"November 20, 2019","format":false,"excerpt":"Notre approcheDownload Voici ce qui se produit lorsque vous portez votre probl\u00e8me \u00e0 l\u2019attention du Bureau du protecteur du citoyen\u00a0: Nous \u00e9coutons (si vous nous appelez) ou nous lisons les renseignements que vous nous avez envoy\u00e9s. Ensuite, en fonction de ce que vous nous dites, nous pouvons\u00a0: vous donner de\u2026","rel":"","context":"Similar post","block_context":{"text":"Similar post","link":""},"img":{"alt_text":"","src":"","width":0,"height":0},"classes":[]},{"id":2717,"url":"https:\/\/nwtombud.ca\/fr\/a-propos-de-lequite-administrative\/","url_meta":{"origin":2753,"position":5},"title":"L\u2019\u00e9quit\u00e9 administrative","author":"admin","date":"November 20, 2019","format":false,"excerpt":"Chaque jour, les organismes gouvernementaux prennent des mesures et des d\u00e9cisions qui influencent la vie des gens. L\u2019\u00e9quit\u00e9 administrative est une norme de conduite que les organismes gouvernementaux d\u2019une soci\u00e9t\u00e9 d\u00e9mocratique sont tenus d\u2019adopter. On s\u2019attend \u00e0 ce que les organismes gouvernementaux traitent les gens de fa\u00e7on \u00e9quitable et raisonnable.\u2026","rel":"","context":"Similar post","block_context":{"text":"Similar post","link":""},"img":{"alt_text":"","src":"https:\/\/i0.wp.com\/nwtombud.ca\/wp-content\/uploads\/2019\/11\/fairness-triangle-fr.png?resize=350%2C200&ssl=1","width":350,"height":200},"classes":[]}],"jetpack_sharing_enabled":true,"_links":{"self":[{"href":"https:\/\/nwtombud.ca\/fr\/wp-json\/wp\/v2\/pages\/2753","targetHints":{"allow":["GET"]}}],"collection":[{"href":"https:\/\/nwtombud.ca\/fr\/wp-json\/wp\/v2\/pages"}],"about":[{"href":"https:\/\/nwtombud.ca\/fr\/wp-json\/wp\/v2\/types\/page"}],"author":[{"embeddable":true,"href":"https:\/\/nwtombud.ca\/fr\/wp-json\/wp\/v2\/users\/1"}],"replies":[{"embeddable":true,"href":"https:\/\/nwtombud.ca\/fr\/wp-json\/wp\/v2\/comments?post=2753"}],"version-history":[{"count":6,"href":"https:\/\/nwtombud.ca\/fr\/wp-json\/wp\/v2\/pages\/2753\/revisions"}],"predecessor-version":[{"id":4153,"href":"https:\/\/nwtombud.ca\/fr\/wp-json\/wp\/v2\/pages\/2753\/revisions\/4153"}],"up":[{"embeddable":true,"href":"https:\/\/nwtombud.ca\/fr\/wp-json\/wp\/v2\/pages\/2748"}],"wp:attachment":[{"href":"https:\/\/nwtombud.ca\/fr\/wp-json\/wp\/v2\/media?parent=2753"}],"curies":[{"name":"wp","href":"https:\/\/api.w.org\/{rel}","templated":true}]}}