{"id":2917,"date":"2020-01-15T22:38:46","date_gmt":"2020-01-15T22:38:46","guid":{"rendered":"https:\/\/nwtombud.ca\/?page_id=2917"},"modified":"2020-01-15T22:38:48","modified_gmt":"2020-01-15T22:38:48","slug":"bureau-du-protecteur-du-citoyen","status":"publish","type":"page","link":"https:\/\/nwtombud.ca\/fr\/bureau-du-protecteur-du-citoyen\/","title":{"rendered":"Bureau du protecteur du citoyen"},"content":{"rendered":"\n<h2 class=\"has-text-align-center wp-block-heading\"><strong>Rencontre\/S\u00e9ance d\u2019information <\/strong><\/h2>\n\n\n\n<p class=\"has-text-align-center\">Le 28 janvier, 2020<\/p>\n\n\n\n<p class=\"has-text-align-center\">Salle de communaut\u00e9, Centre R\u00e9cr\u00e9atif de Hay River <\/p>\n\n\n\n<p class=\"has-text-align-center\">19h \u00e0 21h<\/p>\n","protected":false},"excerpt":{"rendered":"<p>Rencontre\/S\u00e9ance d\u2019information Le 28 janvier, 2020 Salle de communaut\u00e9, Centre R\u00e9cr\u00e9atif de Hay River 19h \u00e0 21h<\/p>\n","protected":false},"author":6,"featured_media":0,"parent":0,"menu_order":0,"comment_status":"closed","ping_status":"closed","template":"","meta":{"generate_page_header":"","footnotes":""},"class_list":["post-2917","page","type-page","status-publish"],"yoast_head":"<!-- This site is optimized with the Yoast SEO plugin v27.3 - https:\/\/yoast.com\/product\/yoast-seo-wordpress\/ -->\n<title>Bureau du protecteur du citoyen - Bureau du protecteur du citoyen des Territoires du nord-ouest<\/title>\n<meta name=\"robots\" content=\"index, follow, max-snippet:-1, max-image-preview:large, max-video-preview:-1\" \/>\n<link rel=\"canonical\" href=\"https:\/\/nwtombud.ca\/fr\/bureau-du-protecteur-du-citoyen\/\" \/>\n<meta property=\"og:locale\" content=\"fr_FR\" \/>\n<meta property=\"og:type\" content=\"article\" \/>\n<meta property=\"og:title\" content=\"Bureau du protecteur du citoyen - Bureau du protecteur du citoyen des Territoires du nord-ouest\" \/>\n<meta property=\"og:description\" content=\"Rencontre\/S\u00e9ance d\u2019information Le 28 janvier, 2020 Salle de communaut\u00e9, Centre R\u00e9cr\u00e9atif de Hay River 19h \u00e0 21h\" \/>\n<meta property=\"og:url\" content=\"https:\/\/nwtombud.ca\/fr\/bureau-du-protecteur-du-citoyen\/\" \/>\n<meta property=\"og:site_name\" content=\"Bureau du protecteur du citoyen des Territoires du nord-ouest\" \/>\n<meta property=\"article:modified_time\" content=\"2020-01-15T22:38:48+00:00\" \/>\n<meta property=\"og:image\" content=\"https:\/\/i0.wp.com\/nwtombud.ca\/wp-content\/uploads\/2019\/11\/DSC_0635-e1573241108778.jpg?fit=1025%2C399&ssl=1\" \/>\n\t<meta property=\"og:image:width\" content=\"1025\" \/>\n\t<meta property=\"og:image:height\" content=\"399\" \/>\n\t<meta property=\"og:image:type\" content=\"image\/jpeg\" \/>\n<meta name=\"twitter:card\" content=\"summary_large_image\" \/>\n<script type=\"application\/ld+json\" class=\"yoast-schema-graph\">{\"@context\":\"https:\\\/\\\/schema.org\",\"@graph\":[{\"@type\":\"WebPage\",\"@id\":\"https:\\\/\\\/nwtombud.ca\\\/fr\\\/bureau-du-protecteur-du-citoyen\\\/\",\"url\":\"https:\\\/\\\/nwtombud.ca\\\/fr\\\/bureau-du-protecteur-du-citoyen\\\/\",\"name\":\"Bureau du protecteur du citoyen - Bureau du protecteur du citoyen des Territoires du nord-ouest\",\"isPartOf\":{\"@id\":\"https:\\\/\\\/nwtombud.ca\\\/fr\\\/#website\"},\"datePublished\":\"2020-01-15T22:38:46+00:00\",\"dateModified\":\"2020-01-15T22:38:48+00:00\",\"breadcrumb\":{\"@id\":\"https:\\\/\\\/nwtombud.ca\\\/fr\\\/bureau-du-protecteur-du-citoyen\\\/#breadcrumb\"},\"inLanguage\":\"fr-FR\",\"potentialAction\":[{\"@type\":\"ReadAction\",\"target\":[\"https:\\\/\\\/nwtombud.ca\\\/fr\\\/bureau-du-protecteur-du-citoyen\\\/\"]}]},{\"@type\":\"BreadcrumbList\",\"@id\":\"https:\\\/\\\/nwtombud.ca\\\/fr\\\/bureau-du-protecteur-du-citoyen\\\/#breadcrumb\",\"itemListElement\":[{\"@type\":\"ListItem\",\"position\":1,\"name\":\"Home\",\"item\":\"https:\\\/\\\/nwtombud.ca\\\/fr\\\/\"},{\"@type\":\"ListItem\",\"position\":2,\"name\":\"Bureau du protecteur du citoyen\"}]},{\"@type\":\"WebSite\",\"@id\":\"https:\\\/\\\/nwtombud.ca\\\/fr\\\/#website\",\"url\":\"https:\\\/\\\/nwtombud.ca\\\/fr\\\/\",\"name\":\"Bureau du protecteur du citoyen des Territoires du nord-ouest\",\"description\":\"\",\"publisher\":{\"@id\":\"https:\\\/\\\/nwtombud.ca\\\/fr\\\/#organization\"},\"potentialAction\":[{\"@type\":\"SearchAction\",\"target\":{\"@type\":\"EntryPoint\",\"urlTemplate\":\"https:\\\/\\\/nwtombud.ca\\\/fr\\\/?s={search_term_string}\"},\"query-input\":{\"@type\":\"PropertyValueSpecification\",\"valueRequired\":true,\"valueName\":\"search_term_string\"}}],\"inLanguage\":\"fr-FR\"},{\"@type\":\"Organization\",\"@id\":\"https:\\\/\\\/nwtombud.ca\\\/fr\\\/#organization\",\"name\":\"Office of the Northwest Territories Ombud\",\"url\":\"https:\\\/\\\/nwtombud.ca\\\/fr\\\/\",\"logo\":{\"@type\":\"ImageObject\",\"inLanguage\":\"fr-FR\",\"@id\":\"https:\\\/\\\/nwtombud.ca\\\/fr\\\/#\\\/schema\\\/logo\\\/image\\\/\",\"url\":\"https:\\\/\\\/nwtombud.ca\\\/wp-content\\\/uploads\\\/2019\\\/10\\\/nwt-ombud-header-logo-en-1.png\",\"contentUrl\":\"https:\\\/\\\/nwtombud.ca\\\/wp-content\\\/uploads\\\/2019\\\/10\\\/nwt-ombud-header-logo-en-1.png\",\"width\":415,\"height\":120,\"caption\":\"Office of the Northwest Territories Ombud\"},\"image\":{\"@id\":\"https:\\\/\\\/nwtombud.ca\\\/fr\\\/#\\\/schema\\\/logo\\\/image\\\/\"}}]}<\/script>\n<!-- \/ Yoast SEO plugin. -->","yoast_head_json":{"title":"Bureau du protecteur du citoyen - Bureau du protecteur du citoyen des Territoires du nord-ouest","robots":{"index":"index","follow":"follow","max-snippet":"max-snippet:-1","max-image-preview":"max-image-preview:large","max-video-preview":"max-video-preview:-1"},"canonical":"https:\/\/nwtombud.ca\/fr\/bureau-du-protecteur-du-citoyen\/","og_locale":"fr_FR","og_type":"article","og_title":"Bureau du protecteur du citoyen - Bureau du protecteur du citoyen des Territoires du nord-ouest","og_description":"Rencontre\/S\u00e9ance d\u2019information Le 28 janvier, 2020 Salle de communaut\u00e9, Centre R\u00e9cr\u00e9atif de Hay River 19h \u00e0 21h","og_url":"https:\/\/nwtombud.ca\/fr\/bureau-du-protecteur-du-citoyen\/","og_site_name":"Bureau du protecteur du citoyen des Territoires du nord-ouest","article_modified_time":"2020-01-15T22:38:48+00:00","og_image":[{"width":1025,"height":399,"url":"https:\/\/i0.wp.com\/nwtombud.ca\/wp-content\/uploads\/2019\/11\/DSC_0635-e1573241108778.jpg?fit=1025%2C399&ssl=1","type":"image\/jpeg"}],"twitter_card":"summary_large_image","schema":{"@context":"https:\/\/schema.org","@graph":[{"@type":"WebPage","@id":"https:\/\/nwtombud.ca\/fr\/bureau-du-protecteur-du-citoyen\/","url":"https:\/\/nwtombud.ca\/fr\/bureau-du-protecteur-du-citoyen\/","name":"Bureau du protecteur du citoyen - Bureau du protecteur du citoyen des Territoires du nord-ouest","isPartOf":{"@id":"https:\/\/nwtombud.ca\/fr\/#website"},"datePublished":"2020-01-15T22:38:46+00:00","dateModified":"2020-01-15T22:38:48+00:00","breadcrumb":{"@id":"https:\/\/nwtombud.ca\/fr\/bureau-du-protecteur-du-citoyen\/#breadcrumb"},"inLanguage":"fr-FR","potentialAction":[{"@type":"ReadAction","target":["https:\/\/nwtombud.ca\/fr\/bureau-du-protecteur-du-citoyen\/"]}]},{"@type":"BreadcrumbList","@id":"https:\/\/nwtombud.ca\/fr\/bureau-du-protecteur-du-citoyen\/#breadcrumb","itemListElement":[{"@type":"ListItem","position":1,"name":"Home","item":"https:\/\/nwtombud.ca\/fr\/"},{"@type":"ListItem","position":2,"name":"Bureau du protecteur du citoyen"}]},{"@type":"WebSite","@id":"https:\/\/nwtombud.ca\/fr\/#website","url":"https:\/\/nwtombud.ca\/fr\/","name":"Bureau du protecteur du citoyen des Territoires du nord-ouest","description":"","publisher":{"@id":"https:\/\/nwtombud.ca\/fr\/#organization"},"potentialAction":[{"@type":"SearchAction","target":{"@type":"EntryPoint","urlTemplate":"https:\/\/nwtombud.ca\/fr\/?s={search_term_string}"},"query-input":{"@type":"PropertyValueSpecification","valueRequired":true,"valueName":"search_term_string"}}],"inLanguage":"fr-FR"},{"@type":"Organization","@id":"https:\/\/nwtombud.ca\/fr\/#organization","name":"Office of the Northwest Territories Ombud","url":"https:\/\/nwtombud.ca\/fr\/","logo":{"@type":"ImageObject","inLanguage":"fr-FR","@id":"https:\/\/nwtombud.ca\/fr\/#\/schema\/logo\/image\/","url":"https:\/\/nwtombud.ca\/wp-content\/uploads\/2019\/10\/nwt-ombud-header-logo-en-1.png","contentUrl":"https:\/\/nwtombud.ca\/wp-content\/uploads\/2019\/10\/nwt-ombud-header-logo-en-1.png","width":415,"height":120,"caption":"Office of the Northwest Territories Ombud"},"image":{"@id":"https:\/\/nwtombud.ca\/fr\/#\/schema\/logo\/image\/"}}]}},"jetpack_shortlink":"https:\/\/wp.me\/PbwmVy-L3","jetpack-related-posts":[{"id":2753,"url":"https:\/\/nwtombud.ca\/fr\/a-propos\/la-protectrice-du-citoyen\/","url_meta":{"origin":2917,"position":0},"title":"La protectrice du citoyen","author":"admin","date":"November 21, 2019","format":false,"excerpt":"Mme\u00a0Krista Carnogursky a \u00e9t\u00e9 nomm\u00e9e protectrice du citoyen par l\u2019Assembl\u00e9e l\u00e9gislative pour un mandat de cinq ans \u00e0 compter du 1er\u00a0juillet\u00a02024. N\u00e9e \u00e0 Inuvik, aux Territoires du Nord-Ouest, Mme\u00a0Carnogursky est d\u2019origine gwich\u2019in. Apr\u00e8s avoir fait des \u00e9tudes postsecondaires, elle obtient un dipl\u00f4me en services correctionnels ainsi qu\u2019un dipl\u00f4me en justice\u2026","rel":"","context":"Similar post","block_context":{"text":"Similar post","link":""},"img":{"alt_text":"","src":"https:\/\/i0.wp.com\/nwtombud.ca\/wp-content\/uploads\/2024\/07\/Pic-for-site-cropped.jpg?resize=350%2C200&ssl=1","width":350,"height":200,"srcset":"https:\/\/i0.wp.com\/nwtombud.ca\/wp-content\/uploads\/2024\/07\/Pic-for-site-cropped.jpg?resize=350%2C200&ssl=1 1x, https:\/\/i0.wp.com\/nwtombud.ca\/wp-content\/uploads\/2024\/07\/Pic-for-site-cropped.jpg?resize=525%2C300&ssl=1 1.5x, https:\/\/i0.wp.com\/nwtombud.ca\/wp-content\/uploads\/2024\/07\/Pic-for-site-cropped.jpg?resize=700%2C400&ssl=1 2x, https:\/\/i0.wp.com\/nwtombud.ca\/wp-content\/uploads\/2024\/07\/Pic-for-site-cropped.jpg?resize=1050%2C600&ssl=1 3x, https:\/\/i0.wp.com\/nwtombud.ca\/wp-content\/uploads\/2024\/07\/Pic-for-site-cropped.jpg?resize=1400%2C800&ssl=1 4x"},"classes":[]},{"id":2748,"url":"https:\/\/nwtombud.ca\/fr\/a-propos\/","url_meta":{"origin":2917,"position":1},"title":"\u00c0 propos","author":"admin","date":"November 21, 2019","format":false,"excerpt":"Le mandat du protecteur du citoyen consiste \u00e0 examiner les iniquit\u00e9s administratives au sein des administrations publiques territoriales et \u00e0 tenter d\u2019y trouver une solution. Il consiste \u00e9galement \u00e0 informer le public au sujet des principes de l\u2019\u00e9quit\u00e9 administrative et du r\u00f4le du protecteur du citoyen. Caract\u00e9ristiques du Bureau\u00a0: Il\u2026","rel":"","context":"Similar post","block_context":{"text":"Similar post","link":""},"img":{"alt_text":"","src":"","width":0,"height":0},"classes":[]},{"id":2785,"url":"https:\/\/nwtombud.ca\/fr\/ressources\/informations-pour-les-autorites\/","url_meta":{"origin":2917,"position":2},"title":"Informations pour les autorit\u00e9s","author":"admin","date":"November 26, 2019","format":false,"excerpt":"Lorsque le bureau de la protectrice du citoyen communique avec votre organisme au sujet d\u2019une plainte, nous cherchons \u00e0\u00a0: comprendre, du point de vue de votre organisme, ce qui s\u2019est pass\u00e9 dans la situation qui fait l\u2019objet d\u2019une plainte; obtenir toutes les politiques et proc\u00e9dures applicables, ainsi que les dossiers\u2026","rel":"","context":"Similar post","block_context":{"text":"Similar post","link":""},"img":{"alt_text":"","src":"","width":0,"height":0},"classes":[]},{"id":2703,"url":"https:\/\/nwtombud.ca\/fr\/foire-aux-questions\/","url_meta":{"origin":2917,"position":3},"title":"Foire aux questions","author":"admin","date":"November 20, 2019","format":false,"excerpt":"Qu\u2019est-ce que le Bureau du protecteur du citoyen? Il s\u2019agit d\u2019un bureau ind\u00e9pendant qui d\u00e9fend l\u2019\u00e9quit\u00e9 au sein de l\u2019administration et des services gouvernementaux aux TNO. Il re\u00e7oit les plaintes de citoyens qui estiment avoir \u00e9t\u00e9 trait\u00e9s de fa\u00e7on injuste par les organismes territoriaux et m\u00e8ne des enqu\u00eates sur ces\u2026","rel":"","context":"Similar post","block_context":{"text":"Similar post","link":""},"img":{"alt_text":"","src":"","width":0,"height":0},"classes":[]},{"id":2692,"url":"https:\/\/nwtombud.ca\/fr\/que-se-passe-t-il-lorsque-je-communique-avec-le-protecteur-du-citoyen\/","url_meta":{"origin":2917,"position":4},"title":"Que se passe-t-il lorsque je communique avec le protecteur du citoyen?","author":"admin","date":"November 20, 2019","format":false,"excerpt":"Notre approcheDownload Voici ce qui se produit lorsque vous portez votre probl\u00e8me \u00e0 l\u2019attention du Bureau du protecteur du citoyen\u00a0: Nous \u00e9coutons (si vous nous appelez) ou nous lisons les renseignements que vous nous avez envoy\u00e9s. Ensuite, en fonction de ce que vous nous dites, nous pouvons\u00a0: vous donner de\u2026","rel":"","context":"Similar post","block_context":{"text":"Similar post","link":""},"img":{"alt_text":"","src":"","width":0,"height":0},"classes":[]},{"id":2731,"url":"https:\/\/nwtombud.ca\/fr\/comment-porter-plainte\/","url_meta":{"origin":2917,"position":5},"title":"Comment porter plainte","author":"admin","date":"November 21, 2019","format":false,"excerpt":"Avant de communiquer avec nous\u2026 Il est souvent possible de r\u00e9gler un malentendu ou une divergence d\u2019opinions en prenant le temps de discuter avec l\u2019autre partie et de l\u2019\u00e9couter. L\u2019organisme ne saura pas qu\u2019il y a un probl\u00e8me si vous ne lui en parlez pas. Avant de communiquer avec nous,\u2026","rel":"","context":"Similar post","block_context":{"text":"Similar post","link":""},"img":{"alt_text":"","src":"","width":0,"height":0},"classes":[]}],"jetpack_sharing_enabled":true,"_links":{"self":[{"href":"https:\/\/nwtombud.ca\/fr\/wp-json\/wp\/v2\/pages\/2917","targetHints":{"allow":["GET"]}}],"collection":[{"href":"https:\/\/nwtombud.ca\/fr\/wp-json\/wp\/v2\/pages"}],"about":[{"href":"https:\/\/nwtombud.ca\/fr\/wp-json\/wp\/v2\/types\/page"}],"author":[{"embeddable":true,"href":"https:\/\/nwtombud.ca\/fr\/wp-json\/wp\/v2\/users\/6"}],"replies":[{"embeddable":true,"href":"https:\/\/nwtombud.ca\/fr\/wp-json\/wp\/v2\/comments?post=2917"}],"version-history":[{"count":1,"href":"https:\/\/nwtombud.ca\/fr\/wp-json\/wp\/v2\/pages\/2917\/revisions"}],"predecessor-version":[{"id":2918,"href":"https:\/\/nwtombud.ca\/fr\/wp-json\/wp\/v2\/pages\/2917\/revisions\/2918"}],"wp:attachment":[{"href":"https:\/\/nwtombud.ca\/fr\/wp-json\/wp\/v2\/media?parent=2917"}],"curies":[{"name":"wp","href":"https:\/\/api.w.org\/{rel}","templated":true}]}}