{"id":3207,"date":"2020-09-14T11:31:35","date_gmt":"2020-09-14T17:31:35","guid":{"rendered":"https:\/\/nwtombud.ca\/?page_id=3207"},"modified":"2020-09-14T11:31:36","modified_gmt":"2020-09-14T17:31:36","slug":"notre-approche","status":"publish","type":"page","link":"https:\/\/nwtombud.ca\/fr\/notre-approche\/","title":{"rendered":"Notre approche"},"content":{"rendered":"\n<figure class=\"wp-block-image size-large\"><img data-recalc-dims=\"1\" loading=\"lazy\" decoding=\"async\" width=\"791\" height=\"1024\" data-attachment-id=\"3209\" data-permalink=\"https:\/\/nwtombud.ca\/fr\/process-flowchart-french-2\/\" data-orig-file=\"https:\/\/i0.wp.com\/nwtombud.ca\/wp-content\/uploads\/2020\/09\/Process-Flowchart-French-scaled.jpg?fit=1978%2C2560&amp;ssl=1\" data-orig-size=\"1978,2560\" data-comments-opened=\"1\" data-image-meta=\"{&quot;aperture&quot;:&quot;0&quot;,&quot;credit&quot;:&quot;&quot;,&quot;camera&quot;:&quot;&quot;,&quot;caption&quot;:&quot;&quot;,&quot;created_timestamp&quot;:&quot;0&quot;,&quot;copyright&quot;:&quot;&quot;,&quot;focal_length&quot;:&quot;0&quot;,&quot;iso&quot;:&quot;0&quot;,&quot;shutter_speed&quot;:&quot;0&quot;,&quot;title&quot;:&quot;&quot;,&quot;orientation&quot;:&quot;0&quot;}\" data-image-title=\"Process-Flowchart-French\" data-image-description=\"\" data-image-caption=\"\" data-large-file=\"https:\/\/i0.wp.com\/nwtombud.ca\/wp-content\/uploads\/2020\/09\/Process-Flowchart-French-scaled.jpg?fit=791%2C1024&amp;ssl=1\" src=\"https:\/\/i0.wp.com\/nwtombud.ca\/wp-content\/uploads\/2020\/09\/Process-Flowchart-French.jpg?resize=791%2C1024&#038;ssl=1\" alt=\"\" class=\"wp-image-3209\" srcset=\"https:\/\/i0.wp.com\/nwtombud.ca\/wp-content\/uploads\/2020\/09\/Process-Flowchart-French-scaled.jpg?resize=791%2C1024&amp;ssl=1 791w, https:\/\/i0.wp.com\/nwtombud.ca\/wp-content\/uploads\/2020\/09\/Process-Flowchart-French-scaled.jpg?resize=232%2C300&amp;ssl=1 232w, https:\/\/i0.wp.com\/nwtombud.ca\/wp-content\/uploads\/2020\/09\/Process-Flowchart-French-scaled.jpg?resize=768%2C994&amp;ssl=1 768w, https:\/\/i0.wp.com\/nwtombud.ca\/wp-content\/uploads\/2020\/09\/Process-Flowchart-French-scaled.jpg?resize=1187%2C1536&amp;ssl=1 1187w, https:\/\/i0.wp.com\/nwtombud.ca\/wp-content\/uploads\/2020\/09\/Process-Flowchart-French-scaled.jpg?resize=1583%2C2048&amp;ssl=1 1583w, https:\/\/i0.wp.com\/nwtombud.ca\/wp-content\/uploads\/2020\/09\/Process-Flowchart-French-scaled.jpg?w=1978&amp;ssl=1 1978w\" sizes=\"auto, (max-width: 791px) 100vw, 791px\" \/><\/figure>\n","protected":false},"excerpt":{"rendered":"","protected":false},"author":1,"featured_media":0,"parent":0,"menu_order":0,"comment_status":"closed","ping_status":"closed","template":"","meta":{"generate_page_header":"","footnotes":""},"class_list":["post-3207","page","type-page","status-publish"],"yoast_head":"<!-- This site is optimized with the Yoast SEO plugin v27.3 - https:\/\/yoast.com\/product\/yoast-seo-wordpress\/ -->\n<title>Notre approche - Bureau du protecteur du citoyen des Territoires du nord-ouest<\/title>\n<meta name=\"robots\" content=\"index, follow, max-snippet:-1, max-image-preview:large, max-video-preview:-1\" \/>\n<link rel=\"canonical\" href=\"https:\/\/nwtombud.ca\/fr\/notre-approche\/\" \/>\n<meta property=\"og:locale\" content=\"fr_FR\" \/>\n<meta property=\"og:type\" content=\"article\" \/>\n<meta property=\"og:title\" content=\"Notre approche - Bureau du protecteur du citoyen des Territoires du nord-ouest\" \/>\n<meta property=\"og:url\" content=\"https:\/\/nwtombud.ca\/fr\/notre-approche\/\" \/>\n<meta property=\"og:site_name\" content=\"Bureau du protecteur du citoyen des Territoires du nord-ouest\" \/>\n<meta property=\"article:modified_time\" content=\"2020-09-14T17:31:36+00:00\" \/>\n<meta property=\"og:image\" content=\"https:\/\/nwtombud.ca\/wp-content\/uploads\/2020\/09\/Process-Flowchart-French-791x1024.jpg\" \/>\n<meta name=\"twitter:card\" content=\"summary_large_image\" \/>\n<script type=\"application\/ld+json\" class=\"yoast-schema-graph\">{\"@context\":\"https:\\\/\\\/schema.org\",\"@graph\":[{\"@type\":\"WebPage\",\"@id\":\"https:\\\/\\\/nwtombud.ca\\\/fr\\\/notre-approche\\\/\",\"url\":\"https:\\\/\\\/nwtombud.ca\\\/fr\\\/notre-approche\\\/\",\"name\":\"Notre approche - Bureau du protecteur du citoyen des Territoires du nord-ouest\",\"isPartOf\":{\"@id\":\"https:\\\/\\\/nwtombud.ca\\\/fr\\\/#website\"},\"primaryImageOfPage\":{\"@id\":\"https:\\\/\\\/nwtombud.ca\\\/fr\\\/notre-approche\\\/#primaryimage\"},\"image\":{\"@id\":\"https:\\\/\\\/nwtombud.ca\\\/fr\\\/notre-approche\\\/#primaryimage\"},\"thumbnailUrl\":\"https:\\\/\\\/nwtombud.ca\\\/wp-content\\\/uploads\\\/2020\\\/09\\\/Process-Flowchart-French-791x1024.jpg\",\"datePublished\":\"2020-09-14T17:31:35+00:00\",\"dateModified\":\"2020-09-14T17:31:36+00:00\",\"breadcrumb\":{\"@id\":\"https:\\\/\\\/nwtombud.ca\\\/fr\\\/notre-approche\\\/#breadcrumb\"},\"inLanguage\":\"fr-FR\",\"potentialAction\":[{\"@type\":\"ReadAction\",\"target\":[\"https:\\\/\\\/nwtombud.ca\\\/fr\\\/notre-approche\\\/\"]}]},{\"@type\":\"ImageObject\",\"inLanguage\":\"fr-FR\",\"@id\":\"https:\\\/\\\/nwtombud.ca\\\/fr\\\/notre-approche\\\/#primaryimage\",\"url\":\"https:\\\/\\\/nwtombud.ca\\\/wp-content\\\/uploads\\\/2020\\\/09\\\/Process-Flowchart-French-791x1024.jpg\",\"contentUrl\":\"https:\\\/\\\/nwtombud.ca\\\/wp-content\\\/uploads\\\/2020\\\/09\\\/Process-Flowchart-French-791x1024.jpg\"},{\"@type\":\"BreadcrumbList\",\"@id\":\"https:\\\/\\\/nwtombud.ca\\\/fr\\\/notre-approche\\\/#breadcrumb\",\"itemListElement\":[{\"@type\":\"ListItem\",\"position\":1,\"name\":\"Home\",\"item\":\"https:\\\/\\\/nwtombud.ca\\\/fr\\\/\"},{\"@type\":\"ListItem\",\"position\":2,\"name\":\"Notre approche\"}]},{\"@type\":\"WebSite\",\"@id\":\"https:\\\/\\\/nwtombud.ca\\\/fr\\\/#website\",\"url\":\"https:\\\/\\\/nwtombud.ca\\\/fr\\\/\",\"name\":\"Bureau du protecteur du citoyen des Territoires du nord-ouest\",\"description\":\"\",\"publisher\":{\"@id\":\"https:\\\/\\\/nwtombud.ca\\\/fr\\\/#organization\"},\"potentialAction\":[{\"@type\":\"SearchAction\",\"target\":{\"@type\":\"EntryPoint\",\"urlTemplate\":\"https:\\\/\\\/nwtombud.ca\\\/fr\\\/?s={search_term_string}\"},\"query-input\":{\"@type\":\"PropertyValueSpecification\",\"valueRequired\":true,\"valueName\":\"search_term_string\"}}],\"inLanguage\":\"fr-FR\"},{\"@type\":\"Organization\",\"@id\":\"https:\\\/\\\/nwtombud.ca\\\/fr\\\/#organization\",\"name\":\"Office of the Northwest Territories Ombud\",\"url\":\"https:\\\/\\\/nwtombud.ca\\\/fr\\\/\",\"logo\":{\"@type\":\"ImageObject\",\"inLanguage\":\"fr-FR\",\"@id\":\"https:\\\/\\\/nwtombud.ca\\\/fr\\\/#\\\/schema\\\/logo\\\/image\\\/\",\"url\":\"https:\\\/\\\/nwtombud.ca\\\/wp-content\\\/uploads\\\/2019\\\/10\\\/nwt-ombud-header-logo-en-1.png\",\"contentUrl\":\"https:\\\/\\\/nwtombud.ca\\\/wp-content\\\/uploads\\\/2019\\\/10\\\/nwt-ombud-header-logo-en-1.png\",\"width\":415,\"height\":120,\"caption\":\"Office of the Northwest Territories Ombud\"},\"image\":{\"@id\":\"https:\\\/\\\/nwtombud.ca\\\/fr\\\/#\\\/schema\\\/logo\\\/image\\\/\"}}]}<\/script>\n<!-- \/ Yoast SEO plugin. -->","yoast_head_json":{"title":"Notre approche - Bureau du protecteur du citoyen des Territoires du nord-ouest","robots":{"index":"index","follow":"follow","max-snippet":"max-snippet:-1","max-image-preview":"max-image-preview:large","max-video-preview":"max-video-preview:-1"},"canonical":"https:\/\/nwtombud.ca\/fr\/notre-approche\/","og_locale":"fr_FR","og_type":"article","og_title":"Notre approche - Bureau du protecteur du citoyen des Territoires du nord-ouest","og_url":"https:\/\/nwtombud.ca\/fr\/notre-approche\/","og_site_name":"Bureau du protecteur du citoyen des Territoires du nord-ouest","article_modified_time":"2020-09-14T17:31:36+00:00","og_image":[{"url":"https:\/\/nwtombud.ca\/wp-content\/uploads\/2020\/09\/Process-Flowchart-French-791x1024.jpg","type":"","width":"","height":""}],"twitter_card":"summary_large_image","schema":{"@context":"https:\/\/schema.org","@graph":[{"@type":"WebPage","@id":"https:\/\/nwtombud.ca\/fr\/notre-approche\/","url":"https:\/\/nwtombud.ca\/fr\/notre-approche\/","name":"Notre approche - Bureau du protecteur du citoyen des Territoires du nord-ouest","isPartOf":{"@id":"https:\/\/nwtombud.ca\/fr\/#website"},"primaryImageOfPage":{"@id":"https:\/\/nwtombud.ca\/fr\/notre-approche\/#primaryimage"},"image":{"@id":"https:\/\/nwtombud.ca\/fr\/notre-approche\/#primaryimage"},"thumbnailUrl":"https:\/\/nwtombud.ca\/wp-content\/uploads\/2020\/09\/Process-Flowchart-French-791x1024.jpg","datePublished":"2020-09-14T17:31:35+00:00","dateModified":"2020-09-14T17:31:36+00:00","breadcrumb":{"@id":"https:\/\/nwtombud.ca\/fr\/notre-approche\/#breadcrumb"},"inLanguage":"fr-FR","potentialAction":[{"@type":"ReadAction","target":["https:\/\/nwtombud.ca\/fr\/notre-approche\/"]}]},{"@type":"ImageObject","inLanguage":"fr-FR","@id":"https:\/\/nwtombud.ca\/fr\/notre-approche\/#primaryimage","url":"https:\/\/nwtombud.ca\/wp-content\/uploads\/2020\/09\/Process-Flowchart-French-791x1024.jpg","contentUrl":"https:\/\/nwtombud.ca\/wp-content\/uploads\/2020\/09\/Process-Flowchart-French-791x1024.jpg"},{"@type":"BreadcrumbList","@id":"https:\/\/nwtombud.ca\/fr\/notre-approche\/#breadcrumb","itemListElement":[{"@type":"ListItem","position":1,"name":"Home","item":"https:\/\/nwtombud.ca\/fr\/"},{"@type":"ListItem","position":2,"name":"Notre approche"}]},{"@type":"WebSite","@id":"https:\/\/nwtombud.ca\/fr\/#website","url":"https:\/\/nwtombud.ca\/fr\/","name":"Bureau du protecteur du citoyen des Territoires du nord-ouest","description":"","publisher":{"@id":"https:\/\/nwtombud.ca\/fr\/#organization"},"potentialAction":[{"@type":"SearchAction","target":{"@type":"EntryPoint","urlTemplate":"https:\/\/nwtombud.ca\/fr\/?s={search_term_string}"},"query-input":{"@type":"PropertyValueSpecification","valueRequired":true,"valueName":"search_term_string"}}],"inLanguage":"fr-FR"},{"@type":"Organization","@id":"https:\/\/nwtombud.ca\/fr\/#organization","name":"Office of the Northwest Territories Ombud","url":"https:\/\/nwtombud.ca\/fr\/","logo":{"@type":"ImageObject","inLanguage":"fr-FR","@id":"https:\/\/nwtombud.ca\/fr\/#\/schema\/logo\/image\/","url":"https:\/\/nwtombud.ca\/wp-content\/uploads\/2019\/10\/nwt-ombud-header-logo-en-1.png","contentUrl":"https:\/\/nwtombud.ca\/wp-content\/uploads\/2019\/10\/nwt-ombud-header-logo-en-1.png","width":415,"height":120,"caption":"Office of the Northwest Territories Ombud"},"image":{"@id":"https:\/\/nwtombud.ca\/fr\/#\/schema\/logo\/image\/"}}]}},"jetpack_shortlink":"https:\/\/wp.me\/PbwmVy-PJ","jetpack-related-posts":[{"id":2733,"url":"https:\/\/nwtombud.ca\/fr\/ressources\/","url_meta":{"origin":3207,"position":0},"title":"Information et brochures","author":"admin","date":"November 21, 2019","format":false,"excerpt":"Informations pour les autorit\u00e9s Conseils pour r\u00e9gler des probl\u00e8mes par vous-m\u00eame Brochure g\u00e9n\u00e9rale Download Brochure Centre CorrectionnelsDownload Brochure les \u00e9tablissements de longue dur\u00e9eDownload Brochure pour les jeunes v1Download Brochure pour les jeunes v2Download Pr\u00e9senter des excusesDownload Notre approcheDownload Principes d'\u00e9quit\u00e9 concernant les certificats de vaccinationDownload Affiches Affiche pour les jeunesDownload\u2026","rel":"","context":"Similar post","block_context":{"text":"Similar post","link":""},"img":{"alt_text":"","src":"","width":0,"height":0},"classes":[]},{"id":2692,"url":"https:\/\/nwtombud.ca\/fr\/que-se-passe-t-il-lorsque-je-communique-avec-le-protecteur-du-citoyen\/","url_meta":{"origin":3207,"position":1},"title":"Que se passe-t-il lorsque je communique avec le protecteur du citoyen?","author":"admin","date":"November 20, 2019","format":false,"excerpt":"Notre approcheDownload Voici ce qui se produit lorsque vous portez votre probl\u00e8me \u00e0 l\u2019attention du Bureau du protecteur du citoyen\u00a0: Nous \u00e9coutons (si vous nous appelez) ou nous lisons les renseignements que vous nous avez envoy\u00e9s. Ensuite, en fonction de ce que vous nous dites, nous pouvons\u00a0: vous donner de\u2026","rel":"","context":"Similar post","block_context":{"text":"Similar post","link":""},"img":{"alt_text":"","src":"","width":0,"height":0},"classes":[]},{"id":2748,"url":"https:\/\/nwtombud.ca\/fr\/a-propos\/","url_meta":{"origin":3207,"position":2},"title":"\u00c0 propos","author":"admin","date":"November 21, 2019","format":false,"excerpt":"Le mandat du protecteur du citoyen consiste \u00e0 examiner les iniquit\u00e9s administratives au sein des administrations publiques territoriales et \u00e0 tenter d\u2019y trouver une solution. Il consiste \u00e9galement \u00e0 informer le public au sujet des principes de l\u2019\u00e9quit\u00e9 administrative et du r\u00f4le du protecteur du citoyen. Caract\u00e9ristiques du Bureau\u00a0: Il\u2026","rel":"","context":"Similar post","block_context":{"text":"Similar post","link":""},"img":{"alt_text":"","src":"","width":0,"height":0},"classes":[]},{"id":2785,"url":"https:\/\/nwtombud.ca\/fr\/ressources\/informations-pour-les-autorites\/","url_meta":{"origin":3207,"position":3},"title":"Informations pour les autorit\u00e9s","author":"admin","date":"November 26, 2019","format":false,"excerpt":"Lorsque le bureau de la protectrice du citoyen communique avec votre organisme au sujet d\u2019une plainte, nous cherchons \u00e0\u00a0: comprendre, du point de vue de votre organisme, ce qui s\u2019est pass\u00e9 dans la situation qui fait l\u2019objet d\u2019une plainte; obtenir toutes les politiques et proc\u00e9dures applicables, ainsi que les dossiers\u2026","rel":"","context":"Similar post","block_context":{"text":"Similar post","link":""},"img":{"alt_text":"","src":"","width":0,"height":0},"classes":[]},{"id":2731,"url":"https:\/\/nwtombud.ca\/fr\/comment-porter-plainte\/","url_meta":{"origin":3207,"position":4},"title":"Comment porter plainte","author":"admin","date":"November 21, 2019","format":false,"excerpt":"Avant de communiquer avec nous\u2026 Il est souvent possible de r\u00e9gler un malentendu ou une divergence d\u2019opinions en prenant le temps de discuter avec l\u2019autre partie et de l\u2019\u00e9couter. L\u2019organisme ne saura pas qu\u2019il y a un probl\u00e8me si vous ne lui en parlez pas. Avant de communiquer avec nous,\u2026","rel":"","context":"Similar post","block_context":{"text":"Similar post","link":""},"img":{"alt_text":"","src":"","width":0,"height":0},"classes":[]},{"id":2703,"url":"https:\/\/nwtombud.ca\/fr\/foire-aux-questions\/","url_meta":{"origin":3207,"position":5},"title":"Foire aux questions","author":"admin","date":"November 20, 2019","format":false,"excerpt":"Qu\u2019est-ce que le Bureau du protecteur du citoyen? Il s\u2019agit d\u2019un bureau ind\u00e9pendant qui d\u00e9fend l\u2019\u00e9quit\u00e9 au sein de l\u2019administration et des services gouvernementaux aux TNO. Il re\u00e7oit les plaintes de citoyens qui estiment avoir \u00e9t\u00e9 trait\u00e9s de fa\u00e7on injuste par les organismes territoriaux et m\u00e8ne des enqu\u00eates sur ces\u2026","rel":"","context":"Similar post","block_context":{"text":"Similar post","link":""},"img":{"alt_text":"","src":"","width":0,"height":0},"classes":[]}],"jetpack_sharing_enabled":true,"_links":{"self":[{"href":"https:\/\/nwtombud.ca\/fr\/wp-json\/wp\/v2\/pages\/3207","targetHints":{"allow":["GET"]}}],"collection":[{"href":"https:\/\/nwtombud.ca\/fr\/wp-json\/wp\/v2\/pages"}],"about":[{"href":"https:\/\/nwtombud.ca\/fr\/wp-json\/wp\/v2\/types\/page"}],"author":[{"embeddable":true,"href":"https:\/\/nwtombud.ca\/fr\/wp-json\/wp\/v2\/users\/1"}],"replies":[{"embeddable":true,"href":"https:\/\/nwtombud.ca\/fr\/wp-json\/wp\/v2\/comments?post=3207"}],"version-history":[{"count":1,"href":"https:\/\/nwtombud.ca\/fr\/wp-json\/wp\/v2\/pages\/3207\/revisions"}],"predecessor-version":[{"id":3210,"href":"https:\/\/nwtombud.ca\/fr\/wp-json\/wp\/v2\/pages\/3207\/revisions\/3210"}],"wp:attachment":[{"href":"https:\/\/nwtombud.ca\/fr\/wp-json\/wp\/v2\/media?parent=3207"}],"curies":[{"name":"wp","href":"https:\/\/api.w.org\/{rel}","templated":true}]}}