{"id":3284,"date":"2021-07-02T11:26:18","date_gmt":"2021-07-02T17:26:18","guid":{"rendered":"https:\/\/nwtombud.ca\/?page_id=3284"},"modified":"2024-06-06T13:53:41","modified_gmt":"2024-06-06T19:53:41","slug":"communiques-de-presse","status":"publish","type":"page","link":"https:\/\/nwtombud.ca\/fr\/communiques-de-presse\/","title":{"rendered":"Communiqu\u00e9s de presse et \u00e9v\u00e9nements"},"content":{"rendered":"\n<h2 class=\"wp-block-heading\">Communiqu\u00e9s de presse<\/h2>\n\n\n\n<div class=\"wp-block-file\"><a id=\"wp-block-file--media-dfcd4d5e-13e0-45e6-8035-f3cee72bfd5a\" href=\"https:\/\/nwtombud.ca\/wp-content\/uploads\/2024\/06\/24-06-06-Communique-de-presse-Lequite-du-processus-dappels-des-nominations-de-personnel.pdf\">24-06-06-Communiqu\u00e9 de presse &#8211; \u00c9quit\u00e9 du processus d&#8217;appels des nominations de personnel<\/a><\/div>\n\n\n\n<div class=\"wp-block-file\"><a id=\"wp-block-file--media-69317e2e-59fb-4926-a126-53d81e09769a\" href=\"https:\/\/nwtombud.ca\/wp-content\/uploads\/2022\/11\/Communique-de-Presse-rapport-special-Equite-dans-les-ressources-humaines-1.pdf\">22-11-17 Communiqu\u00e9 de presse &#8211; \u00c9quit\u00e9 dans les ressources humaines &#8211; relev\u00e9s d\u2019emploi<\/a><\/div>\n\n\n\n<div class=\"wp-block-file\"><a id=\"wp-block-file--media-2b846082-4e9e-4d7b-bc25-5f9ca06bda30\" href=\"https:\/\/nwtombud.ca\/wp-content\/uploads\/2022\/11\/Communique-de-Presse-rapport-special-sur-lequite-dans-le-programmes-daide-au-revenu.pdf\">22-10-05 Communiqu\u00e9 de Presse &#8211; \u00c9quit\u00e9 dans les programmes d&#8217;aide au revenu<\/a><\/div>\n\n\n\n<div class=\"wp-block-file\"><a id=\"wp-block-file--media-53c38000-cd95-4122-8ec0-2ddfe18253f3\" href=\"https:\/\/nwtombud.ca\/wp-content\/uploads\/2022\/04\/Communique-de-Presse-lequite-dans-les-programmes-daide-aux-entreprises.pdf\">22-03-28  Communiqu\u00e9 de presse &#8211; \u00c9quit\u00e9 dans les programmes d&#8217;aide aux entreprises<\/a><\/div>\n\n\n\n<div class=\"wp-block-file\"><a id=\"wp-block-file--media-fcf21bf2-0f38-4049-8478-598d793694aa\" href=\"https:\/\/nwtombud.ca\/wp-content\/uploads\/2021\/08\/21-08-23-Communique-de-presse-Equite-dans-levaluation-et-limpot-fonciers.pdf\">21-08-23 Communiqu\u00e9 de presse &#8211; \u00c9quit\u00e9 dans l&#8217;\u00e9valuation et l&#8217;imp\u00f4t foncier<\/a><\/div>\n\n\n\n<div class=\"wp-block-file\"><a id=\"wp-block-file--media-21105884-9815-4062-9798-25f21b78a2ac\" href=\"https:\/\/nwtombud.ca\/wp-content\/uploads\/2021\/08\/21-07-07-Communique-de-presse-Equite-des-programmes-daide-aux-proprietaires.pdf\">21-07-07 Communiqu\u00e9 de presse &#8211; \u00c9quit\u00e9 des programmes d&#8217;aide aux propri\u00e9taires<\/a><\/div>\n\n\n\n<h2 class=\"wp-block-heading\"><\/h2>\n","protected":false},"excerpt":{"rendered":"<p>Communiqu\u00e9s de presse<\/p>\n","protected":false},"author":6,"featured_media":0,"parent":0,"menu_order":0,"comment_status":"closed","ping_status":"closed","template":"","meta":{"generate_page_header":"","footnotes":""},"class_list":["post-3284","page","type-page","status-publish"],"yoast_head":"<!-- This site is optimized with the Yoast SEO plugin v27.3 - https:\/\/yoast.com\/product\/yoast-seo-wordpress\/ -->\n<title>Communiqu\u00e9s de presse et \u00e9v\u00e9nements - Bureau du protecteur du citoyen des Territoires du nord-ouest<\/title>\n<meta name=\"robots\" content=\"index, follow, max-snippet:-1, max-image-preview:large, max-video-preview:-1\" \/>\n<link rel=\"canonical\" href=\"https:\/\/nwtombud.ca\/fr\/communiques-de-presse\/\" \/>\n<meta property=\"og:locale\" content=\"fr_FR\" \/>\n<meta property=\"og:type\" content=\"article\" \/>\n<meta property=\"og:title\" content=\"Communiqu\u00e9s de presse et \u00e9v\u00e9nements - Bureau du protecteur du citoyen des Territoires du nord-ouest\" \/>\n<meta property=\"og:description\" content=\"Communiqu\u00e9s de presse\" \/>\n<meta property=\"og:url\" content=\"https:\/\/nwtombud.ca\/fr\/communiques-de-presse\/\" \/>\n<meta property=\"og:site_name\" content=\"Bureau du protecteur du citoyen des Territoires du nord-ouest\" \/>\n<meta property=\"article:modified_time\" content=\"2024-06-06T19:53:41+00:00\" \/>\n<meta property=\"og:image\" content=\"https:\/\/i0.wp.com\/nwtombud.ca\/wp-content\/uploads\/2019\/11\/DSC_0635-e1573241108778.jpg?fit=1025%2C399&ssl=1\" \/>\n\t<meta property=\"og:image:width\" content=\"1025\" \/>\n\t<meta property=\"og:image:height\" content=\"399\" \/>\n\t<meta property=\"og:image:type\" content=\"image\/jpeg\" \/>\n<meta name=\"twitter:card\" content=\"summary_large_image\" \/>\n<meta name=\"twitter:label1\" content=\"Est. reading time\" \/>\n\t<meta name=\"twitter:data1\" content=\"1 minute\" \/>\n<script type=\"application\/ld+json\" class=\"yoast-schema-graph\">{\"@context\":\"https:\\\/\\\/schema.org\",\"@graph\":[{\"@type\":\"WebPage\",\"@id\":\"https:\\\/\\\/nwtombud.ca\\\/fr\\\/communiques-de-presse\\\/\",\"url\":\"https:\\\/\\\/nwtombud.ca\\\/fr\\\/communiques-de-presse\\\/\",\"name\":\"Communiqu\u00e9s de presse et \u00e9v\u00e9nements - Bureau du protecteur du citoyen des Territoires du nord-ouest\",\"isPartOf\":{\"@id\":\"https:\\\/\\\/nwtombud.ca\\\/fr\\\/#website\"},\"datePublished\":\"2021-07-02T17:26:18+00:00\",\"dateModified\":\"2024-06-06T19:53:41+00:00\",\"breadcrumb\":{\"@id\":\"https:\\\/\\\/nwtombud.ca\\\/fr\\\/communiques-de-presse\\\/#breadcrumb\"},\"inLanguage\":\"fr-FR\",\"potentialAction\":[{\"@type\":\"ReadAction\",\"target\":[\"https:\\\/\\\/nwtombud.ca\\\/fr\\\/communiques-de-presse\\\/\"]}]},{\"@type\":\"BreadcrumbList\",\"@id\":\"https:\\\/\\\/nwtombud.ca\\\/fr\\\/communiques-de-presse\\\/#breadcrumb\",\"itemListElement\":[{\"@type\":\"ListItem\",\"position\":1,\"name\":\"Home\",\"item\":\"https:\\\/\\\/nwtombud.ca\\\/fr\\\/\"},{\"@type\":\"ListItem\",\"position\":2,\"name\":\"Communiqu\u00e9s de presse et \u00e9v\u00e9nements\"}]},{\"@type\":\"WebSite\",\"@id\":\"https:\\\/\\\/nwtombud.ca\\\/fr\\\/#website\",\"url\":\"https:\\\/\\\/nwtombud.ca\\\/fr\\\/\",\"name\":\"Bureau du protecteur du citoyen des Territoires du nord-ouest\",\"description\":\"\",\"publisher\":{\"@id\":\"https:\\\/\\\/nwtombud.ca\\\/fr\\\/#organization\"},\"potentialAction\":[{\"@type\":\"SearchAction\",\"target\":{\"@type\":\"EntryPoint\",\"urlTemplate\":\"https:\\\/\\\/nwtombud.ca\\\/fr\\\/?s={search_term_string}\"},\"query-input\":{\"@type\":\"PropertyValueSpecification\",\"valueRequired\":true,\"valueName\":\"search_term_string\"}}],\"inLanguage\":\"fr-FR\"},{\"@type\":\"Organization\",\"@id\":\"https:\\\/\\\/nwtombud.ca\\\/fr\\\/#organization\",\"name\":\"Office of the Northwest Territories Ombud\",\"url\":\"https:\\\/\\\/nwtombud.ca\\\/fr\\\/\",\"logo\":{\"@type\":\"ImageObject\",\"inLanguage\":\"fr-FR\",\"@id\":\"https:\\\/\\\/nwtombud.ca\\\/fr\\\/#\\\/schema\\\/logo\\\/image\\\/\",\"url\":\"https:\\\/\\\/nwtombud.ca\\\/wp-content\\\/uploads\\\/2019\\\/10\\\/nwt-ombud-header-logo-en-1.png\",\"contentUrl\":\"https:\\\/\\\/nwtombud.ca\\\/wp-content\\\/uploads\\\/2019\\\/10\\\/nwt-ombud-header-logo-en-1.png\",\"width\":415,\"height\":120,\"caption\":\"Office of the Northwest Territories Ombud\"},\"image\":{\"@id\":\"https:\\\/\\\/nwtombud.ca\\\/fr\\\/#\\\/schema\\\/logo\\\/image\\\/\"}}]}<\/script>\n<!-- \/ Yoast SEO plugin. -->","yoast_head_json":{"title":"Communiqu\u00e9s de presse et \u00e9v\u00e9nements - Bureau du protecteur du citoyen des Territoires du nord-ouest","robots":{"index":"index","follow":"follow","max-snippet":"max-snippet:-1","max-image-preview":"max-image-preview:large","max-video-preview":"max-video-preview:-1"},"canonical":"https:\/\/nwtombud.ca\/fr\/communiques-de-presse\/","og_locale":"fr_FR","og_type":"article","og_title":"Communiqu\u00e9s de presse et \u00e9v\u00e9nements - Bureau du protecteur du citoyen des Territoires du nord-ouest","og_description":"Communiqu\u00e9s de presse","og_url":"https:\/\/nwtombud.ca\/fr\/communiques-de-presse\/","og_site_name":"Bureau du protecteur du citoyen des Territoires du nord-ouest","article_modified_time":"2024-06-06T19:53:41+00:00","og_image":[{"width":1025,"height":399,"url":"https:\/\/i0.wp.com\/nwtombud.ca\/wp-content\/uploads\/2019\/11\/DSC_0635-e1573241108778.jpg?fit=1025%2C399&ssl=1","type":"image\/jpeg"}],"twitter_card":"summary_large_image","twitter_misc":{"Est. reading time":"1 minute"},"schema":{"@context":"https:\/\/schema.org","@graph":[{"@type":"WebPage","@id":"https:\/\/nwtombud.ca\/fr\/communiques-de-presse\/","url":"https:\/\/nwtombud.ca\/fr\/communiques-de-presse\/","name":"Communiqu\u00e9s de presse et \u00e9v\u00e9nements - Bureau du protecteur du citoyen des Territoires du nord-ouest","isPartOf":{"@id":"https:\/\/nwtombud.ca\/fr\/#website"},"datePublished":"2021-07-02T17:26:18+00:00","dateModified":"2024-06-06T19:53:41+00:00","breadcrumb":{"@id":"https:\/\/nwtombud.ca\/fr\/communiques-de-presse\/#breadcrumb"},"inLanguage":"fr-FR","potentialAction":[{"@type":"ReadAction","target":["https:\/\/nwtombud.ca\/fr\/communiques-de-presse\/"]}]},{"@type":"BreadcrumbList","@id":"https:\/\/nwtombud.ca\/fr\/communiques-de-presse\/#breadcrumb","itemListElement":[{"@type":"ListItem","position":1,"name":"Home","item":"https:\/\/nwtombud.ca\/fr\/"},{"@type":"ListItem","position":2,"name":"Communiqu\u00e9s de presse et \u00e9v\u00e9nements"}]},{"@type":"WebSite","@id":"https:\/\/nwtombud.ca\/fr\/#website","url":"https:\/\/nwtombud.ca\/fr\/","name":"Bureau du protecteur du citoyen des Territoires du nord-ouest","description":"","publisher":{"@id":"https:\/\/nwtombud.ca\/fr\/#organization"},"potentialAction":[{"@type":"SearchAction","target":{"@type":"EntryPoint","urlTemplate":"https:\/\/nwtombud.ca\/fr\/?s={search_term_string}"},"query-input":{"@type":"PropertyValueSpecification","valueRequired":true,"valueName":"search_term_string"}}],"inLanguage":"fr-FR"},{"@type":"Organization","@id":"https:\/\/nwtombud.ca\/fr\/#organization","name":"Office of the Northwest Territories Ombud","url":"https:\/\/nwtombud.ca\/fr\/","logo":{"@type":"ImageObject","inLanguage":"fr-FR","@id":"https:\/\/nwtombud.ca\/fr\/#\/schema\/logo\/image\/","url":"https:\/\/nwtombud.ca\/wp-content\/uploads\/2019\/10\/nwt-ombud-header-logo-en-1.png","contentUrl":"https:\/\/nwtombud.ca\/wp-content\/uploads\/2019\/10\/nwt-ombud-header-logo-en-1.png","width":415,"height":120,"caption":"Office of the Northwest Territories Ombud"},"image":{"@id":"https:\/\/nwtombud.ca\/fr\/#\/schema\/logo\/image\/"}}]}},"jetpack_shortlink":"https:\/\/wp.me\/PbwmVy-QY","jetpack-related-posts":[{"id":3310,"url":"https:\/\/nwtombud.ca\/fr\/ressources-2\/","url_meta":{"origin":3284,"position":0},"title":"Ressources","author":"NWT Ombud","date":"July 2, 2021","format":false,"excerpt":"Communiqu\u00e9s de presse Information et brochures L\u00e9gislation Rapports","rel":"","context":"Similar post","block_context":{"text":"Similar post","link":""},"img":{"alt_text":"","src":"","width":0,"height":0},"classes":[]},{"id":3324,"url":"https:\/\/nwtombud.ca\/fr\/ressources-3\/","url_meta":{"origin":3284,"position":1},"title":"Ressources","author":"NWT Ombud","date":"July 2, 2021","format":false,"excerpt":"Communiqu\u00e9s de presse Information et brochures L\u00e9gislation Rapports Balados","rel":"","context":"Similar post","block_context":{"text":"Similar post","link":""},"img":{"alt_text":"","src":"","width":0,"height":0},"classes":[]},{"id":2692,"url":"https:\/\/nwtombud.ca\/fr\/que-se-passe-t-il-lorsque-je-communique-avec-le-protecteur-du-citoyen\/","url_meta":{"origin":3284,"position":2},"title":"Que se passe-t-il lorsque je communique avec le protecteur du citoyen?","author":"admin","date":"November 20, 2019","format":false,"excerpt":"Notre approcheDownload Voici ce qui se produit lorsque vous portez votre probl\u00e8me \u00e0 l\u2019attention du Bureau du protecteur du citoyen\u00a0: Nous \u00e9coutons (si vous nous appelez) ou nous lisons les renseignements que vous nous avez envoy\u00e9s. Ensuite, en fonction de ce que vous nous dites, nous pouvons\u00a0: vous donner de\u2026","rel":"","context":"Similar post","block_context":{"text":"Similar post","link":""},"img":{"alt_text":"","src":"","width":0,"height":0},"classes":[]},{"id":2785,"url":"https:\/\/nwtombud.ca\/fr\/ressources\/informations-pour-les-autorites\/","url_meta":{"origin":3284,"position":3},"title":"Informations pour les autorit\u00e9s","author":"admin","date":"November 26, 2019","format":false,"excerpt":"Lorsque le bureau de la protectrice du citoyen communique avec votre organisme au sujet d\u2019une plainte, nous cherchons \u00e0\u00a0: comprendre, du point de vue de votre organisme, ce qui s\u2019est pass\u00e9 dans la situation qui fait l\u2019objet d\u2019une plainte; obtenir toutes les politiques et proc\u00e9dures applicables, ainsi que les dossiers\u2026","rel":"","context":"Similar post","block_context":{"text":"Similar post","link":""},"img":{"alt_text":"","src":"","width":0,"height":0},"classes":[]},{"id":2731,"url":"https:\/\/nwtombud.ca\/fr\/comment-porter-plainte\/","url_meta":{"origin":3284,"position":4},"title":"Comment porter plainte","author":"admin","date":"November 21, 2019","format":false,"excerpt":"Avant de communiquer avec nous\u2026 Il est souvent possible de r\u00e9gler un malentendu ou une divergence d\u2019opinions en prenant le temps de discuter avec l\u2019autre partie et de l\u2019\u00e9couter. L\u2019organisme ne saura pas qu\u2019il y a un probl\u00e8me si vous ne lui en parlez pas. Avant de communiquer avec nous,\u2026","rel":"","context":"Similar post","block_context":{"text":"Similar post","link":""},"img":{"alt_text":"","src":"","width":0,"height":0},"classes":[]},{"id":2703,"url":"https:\/\/nwtombud.ca\/fr\/foire-aux-questions\/","url_meta":{"origin":3284,"position":5},"title":"Foire aux questions","author":"admin","date":"November 20, 2019","format":false,"excerpt":"Qu\u2019est-ce que le Bureau du protecteur du citoyen? Il s\u2019agit d\u2019un bureau ind\u00e9pendant qui d\u00e9fend l\u2019\u00e9quit\u00e9 au sein de l\u2019administration et des services gouvernementaux aux TNO. Il re\u00e7oit les plaintes de citoyens qui estiment avoir \u00e9t\u00e9 trait\u00e9s de fa\u00e7on injuste par les organismes territoriaux et m\u00e8ne des enqu\u00eates sur ces\u2026","rel":"","context":"Similar post","block_context":{"text":"Similar post","link":""},"img":{"alt_text":"","src":"","width":0,"height":0},"classes":[]}],"jetpack_sharing_enabled":true,"_links":{"self":[{"href":"https:\/\/nwtombud.ca\/fr\/wp-json\/wp\/v2\/pages\/3284","targetHints":{"allow":["GET"]}}],"collection":[{"href":"https:\/\/nwtombud.ca\/fr\/wp-json\/wp\/v2\/pages"}],"about":[{"href":"https:\/\/nwtombud.ca\/fr\/wp-json\/wp\/v2\/types\/page"}],"author":[{"embeddable":true,"href":"https:\/\/nwtombud.ca\/fr\/wp-json\/wp\/v2\/users\/6"}],"replies":[{"embeddable":true,"href":"https:\/\/nwtombud.ca\/fr\/wp-json\/wp\/v2\/comments?post=3284"}],"version-history":[{"count":5,"href":"https:\/\/nwtombud.ca\/fr\/wp-json\/wp\/v2\/pages\/3284\/revisions"}],"predecessor-version":[{"id":4109,"href":"https:\/\/nwtombud.ca\/fr\/wp-json\/wp\/v2\/pages\/3284\/revisions\/4109"}],"wp:attachment":[{"href":"https:\/\/nwtombud.ca\/fr\/wp-json\/wp\/v2\/media?parent=3284"}],"curies":[{"name":"wp","href":"https:\/\/api.w.org\/{rel}","templated":true}]}}