{"id":3324,"date":"2021-07-02T14:04:45","date_gmt":"2021-07-02T20:04:45","guid":{"rendered":"https:\/\/nwtombud.ca\/?page_id=3324"},"modified":"2023-04-12T11:33:10","modified_gmt":"2023-04-12T17:33:10","slug":"ressources-3","status":"publish","type":"page","link":"https:\/\/nwtombud.ca\/fr\/ressources-3\/","title":{"rendered":"Ressources"},"content":{"rendered":"\n<p><a href=\"https:\/\/nwtombud.ca\/fr\/communiques-de-presse\/\">Communiqu\u00e9s de presse<\/a><\/p>\n\n\n\n<p><a href=\"https:\/\/nwtombud.ca\/fr\/ressources\/\">Information et brochures<\/a><\/p>\n\n\n\n<p><a href=\"https:\/\/nwtombud.ca\/fr\/legislation\/\">L\u00e9gislation<\/a><\/p>\n\n\n\n<p><a href=\"https:\/\/nwtombud.ca\/fr\/rapports\/\">Rapports<\/a><\/p>\n\n\n\n<p><a href=\"https:\/\/nwtombud.ca\/fr\/balados\/\">Balados<\/a><\/p>\n","protected":false},"excerpt":{"rendered":"<p>Communiqu\u00e9s de presse Information et brochures L\u00e9gislation Rapports Balados<\/p>\n","protected":false},"author":6,"featured_media":0,"parent":0,"menu_order":0,"comment_status":"closed","ping_status":"closed","template":"","meta":{"generate_page_header":"","footnotes":""},"class_list":["post-3324","page","type-page","status-publish"],"yoast_head":"<!-- This site is optimized with the Yoast SEO plugin v27.3 - https:\/\/yoast.com\/product\/yoast-seo-wordpress\/ -->\n<title>Ressources - Bureau du protecteur du citoyen des Territoires du nord-ouest<\/title>\n<meta name=\"robots\" content=\"index, follow, max-snippet:-1, max-image-preview:large, max-video-preview:-1\" \/>\n<link rel=\"canonical\" href=\"https:\/\/nwtombud.ca\/fr\/ressources-3\/\" \/>\n<meta property=\"og:locale\" content=\"fr_FR\" \/>\n<meta property=\"og:type\" content=\"article\" \/>\n<meta property=\"og:title\" content=\"Ressources - Bureau du protecteur du citoyen des Territoires du nord-ouest\" \/>\n<meta property=\"og:description\" content=\"Communiqu\u00e9s de presse Information et brochures L\u00e9gislation Rapports Balados\" \/>\n<meta property=\"og:url\" content=\"https:\/\/nwtombud.ca\/fr\/ressources-3\/\" \/>\n<meta property=\"og:site_name\" content=\"Bureau du protecteur du citoyen des Territoires du nord-ouest\" \/>\n<meta property=\"article:modified_time\" content=\"2023-04-12T17:33:10+00:00\" \/>\n<meta property=\"og:image\" content=\"https:\/\/i0.wp.com\/nwtombud.ca\/wp-content\/uploads\/2019\/11\/DSC_0635-e1573241108778.jpg?fit=1025%2C399&ssl=1\" \/>\n\t<meta property=\"og:image:width\" content=\"1025\" \/>\n\t<meta property=\"og:image:height\" content=\"399\" \/>\n\t<meta property=\"og:image:type\" content=\"image\/jpeg\" \/>\n<meta name=\"twitter:card\" content=\"summary_large_image\" \/>\n<meta name=\"twitter:label1\" content=\"Est. reading time\" \/>\n\t<meta name=\"twitter:data1\" content=\"1 minute\" \/>\n<script type=\"application\/ld+json\" class=\"yoast-schema-graph\">{\"@context\":\"https:\\\/\\\/schema.org\",\"@graph\":[{\"@type\":\"WebPage\",\"@id\":\"https:\\\/\\\/nwtombud.ca\\\/fr\\\/ressources-3\\\/\",\"url\":\"https:\\\/\\\/nwtombud.ca\\\/fr\\\/ressources-3\\\/\",\"name\":\"Ressources - Bureau du protecteur du citoyen des Territoires du nord-ouest\",\"isPartOf\":{\"@id\":\"https:\\\/\\\/nwtombud.ca\\\/fr\\\/#website\"},\"datePublished\":\"2021-07-02T20:04:45+00:00\",\"dateModified\":\"2023-04-12T17:33:10+00:00\",\"breadcrumb\":{\"@id\":\"https:\\\/\\\/nwtombud.ca\\\/fr\\\/ressources-3\\\/#breadcrumb\"},\"inLanguage\":\"fr-FR\",\"potentialAction\":[{\"@type\":\"ReadAction\",\"target\":[\"https:\\\/\\\/nwtombud.ca\\\/fr\\\/ressources-3\\\/\"]}]},{\"@type\":\"BreadcrumbList\",\"@id\":\"https:\\\/\\\/nwtombud.ca\\\/fr\\\/ressources-3\\\/#breadcrumb\",\"itemListElement\":[{\"@type\":\"ListItem\",\"position\":1,\"name\":\"Home\",\"item\":\"https:\\\/\\\/nwtombud.ca\\\/fr\\\/\"},{\"@type\":\"ListItem\",\"position\":2,\"name\":\"Ressources\"}]},{\"@type\":\"WebSite\",\"@id\":\"https:\\\/\\\/nwtombud.ca\\\/fr\\\/#website\",\"url\":\"https:\\\/\\\/nwtombud.ca\\\/fr\\\/\",\"name\":\"Bureau du protecteur du citoyen des Territoires du nord-ouest\",\"description\":\"\",\"publisher\":{\"@id\":\"https:\\\/\\\/nwtombud.ca\\\/fr\\\/#organization\"},\"potentialAction\":[{\"@type\":\"SearchAction\",\"target\":{\"@type\":\"EntryPoint\",\"urlTemplate\":\"https:\\\/\\\/nwtombud.ca\\\/fr\\\/?s={search_term_string}\"},\"query-input\":{\"@type\":\"PropertyValueSpecification\",\"valueRequired\":true,\"valueName\":\"search_term_string\"}}],\"inLanguage\":\"fr-FR\"},{\"@type\":\"Organization\",\"@id\":\"https:\\\/\\\/nwtombud.ca\\\/fr\\\/#organization\",\"name\":\"Office of the Northwest Territories Ombud\",\"url\":\"https:\\\/\\\/nwtombud.ca\\\/fr\\\/\",\"logo\":{\"@type\":\"ImageObject\",\"inLanguage\":\"fr-FR\",\"@id\":\"https:\\\/\\\/nwtombud.ca\\\/fr\\\/#\\\/schema\\\/logo\\\/image\\\/\",\"url\":\"https:\\\/\\\/nwtombud.ca\\\/wp-content\\\/uploads\\\/2019\\\/10\\\/nwt-ombud-header-logo-en-1.png\",\"contentUrl\":\"https:\\\/\\\/nwtombud.ca\\\/wp-content\\\/uploads\\\/2019\\\/10\\\/nwt-ombud-header-logo-en-1.png\",\"width\":415,\"height\":120,\"caption\":\"Office of the Northwest Territories Ombud\"},\"image\":{\"@id\":\"https:\\\/\\\/nwtombud.ca\\\/fr\\\/#\\\/schema\\\/logo\\\/image\\\/\"}}]}<\/script>\n<!-- \/ Yoast SEO plugin. -->","yoast_head_json":{"title":"Ressources - Bureau du protecteur du citoyen des Territoires du nord-ouest","robots":{"index":"index","follow":"follow","max-snippet":"max-snippet:-1","max-image-preview":"max-image-preview:large","max-video-preview":"max-video-preview:-1"},"canonical":"https:\/\/nwtombud.ca\/fr\/ressources-3\/","og_locale":"fr_FR","og_type":"article","og_title":"Ressources - Bureau du protecteur du citoyen des Territoires du nord-ouest","og_description":"Communiqu\u00e9s de presse Information et brochures L\u00e9gislation Rapports Balados","og_url":"https:\/\/nwtombud.ca\/fr\/ressources-3\/","og_site_name":"Bureau du protecteur du citoyen des Territoires du nord-ouest","article_modified_time":"2023-04-12T17:33:10+00:00","og_image":[{"width":1025,"height":399,"url":"https:\/\/i0.wp.com\/nwtombud.ca\/wp-content\/uploads\/2019\/11\/DSC_0635-e1573241108778.jpg?fit=1025%2C399&ssl=1","type":"image\/jpeg"}],"twitter_card":"summary_large_image","twitter_misc":{"Est. reading time":"1 minute"},"schema":{"@context":"https:\/\/schema.org","@graph":[{"@type":"WebPage","@id":"https:\/\/nwtombud.ca\/fr\/ressources-3\/","url":"https:\/\/nwtombud.ca\/fr\/ressources-3\/","name":"Ressources - Bureau du protecteur du citoyen des Territoires du nord-ouest","isPartOf":{"@id":"https:\/\/nwtombud.ca\/fr\/#website"},"datePublished":"2021-07-02T20:04:45+00:00","dateModified":"2023-04-12T17:33:10+00:00","breadcrumb":{"@id":"https:\/\/nwtombud.ca\/fr\/ressources-3\/#breadcrumb"},"inLanguage":"fr-FR","potentialAction":[{"@type":"ReadAction","target":["https:\/\/nwtombud.ca\/fr\/ressources-3\/"]}]},{"@type":"BreadcrumbList","@id":"https:\/\/nwtombud.ca\/fr\/ressources-3\/#breadcrumb","itemListElement":[{"@type":"ListItem","position":1,"name":"Home","item":"https:\/\/nwtombud.ca\/fr\/"},{"@type":"ListItem","position":2,"name":"Ressources"}]},{"@type":"WebSite","@id":"https:\/\/nwtombud.ca\/fr\/#website","url":"https:\/\/nwtombud.ca\/fr\/","name":"Bureau du protecteur du citoyen des Territoires du nord-ouest","description":"","publisher":{"@id":"https:\/\/nwtombud.ca\/fr\/#organization"},"potentialAction":[{"@type":"SearchAction","target":{"@type":"EntryPoint","urlTemplate":"https:\/\/nwtombud.ca\/fr\/?s={search_term_string}"},"query-input":{"@type":"PropertyValueSpecification","valueRequired":true,"valueName":"search_term_string"}}],"inLanguage":"fr-FR"},{"@type":"Organization","@id":"https:\/\/nwtombud.ca\/fr\/#organization","name":"Office of the Northwest Territories Ombud","url":"https:\/\/nwtombud.ca\/fr\/","logo":{"@type":"ImageObject","inLanguage":"fr-FR","@id":"https:\/\/nwtombud.ca\/fr\/#\/schema\/logo\/image\/","url":"https:\/\/nwtombud.ca\/wp-content\/uploads\/2019\/10\/nwt-ombud-header-logo-en-1.png","contentUrl":"https:\/\/nwtombud.ca\/wp-content\/uploads\/2019\/10\/nwt-ombud-header-logo-en-1.png","width":415,"height":120,"caption":"Office of the Northwest Territories Ombud"},"image":{"@id":"https:\/\/nwtombud.ca\/fr\/#\/schema\/logo\/image\/"}}]}},"jetpack_shortlink":"https:\/\/wp.me\/PbwmVy-RC","jetpack-related-posts":[{"id":3310,"url":"https:\/\/nwtombud.ca\/fr\/ressources-2\/","url_meta":{"origin":3324,"position":0},"title":"Ressources","author":"NWT Ombud","date":"July 2, 2021","format":false,"excerpt":"Communiqu\u00e9s de presse Information et brochures L\u00e9gislation Rapports","rel":"","context":"Similar post","block_context":{"text":"Similar post","link":""},"img":{"alt_text":"","src":"","width":0,"height":0},"classes":[]},{"id":3284,"url":"https:\/\/nwtombud.ca\/fr\/communiques-de-presse\/","url_meta":{"origin":3324,"position":1},"title":"Communiqu\u00e9s de presse et \u00e9v\u00e9nements","author":"NWT Ombud","date":"July 2, 2021","format":false,"excerpt":"Communiqu\u00e9s de presse 24-06-06-Communiqu\u00e9 de presse - \u00c9quit\u00e9 du processus d'appels des nominations de personnel 22-11-17 Communiqu\u00e9 de presse - \u00c9quit\u00e9 dans les ressources humaines - relev\u00e9s d\u2019emploi 22-10-05 Communiqu\u00e9 de Presse - \u00c9quit\u00e9 dans les programmes d'aide au revenu 22-03-28 Communiqu\u00e9 de presse - \u00c9quit\u00e9 dans les programmes d'aide\u2026","rel":"","context":"Similar post","block_context":{"text":"Similar post","link":""},"img":{"alt_text":"","src":"","width":0,"height":0},"classes":[]},{"id":2785,"url":"https:\/\/nwtombud.ca\/fr\/ressources\/informations-pour-les-autorites\/","url_meta":{"origin":3324,"position":2},"title":"Informations pour les autorit\u00e9s","author":"admin","date":"November 26, 2019","format":false,"excerpt":"Lorsque le bureau de la protectrice du citoyen communique avec votre organisme au sujet d\u2019une plainte, nous cherchons \u00e0\u00a0: comprendre, du point de vue de votre organisme, ce qui s\u2019est pass\u00e9 dans la situation qui fait l\u2019objet d\u2019une plainte; obtenir toutes les politiques et proc\u00e9dures applicables, ainsi que les dossiers\u2026","rel":"","context":"Similar post","block_context":{"text":"Similar post","link":""},"img":{"alt_text":"","src":"","width":0,"height":0},"classes":[]},{"id":2733,"url":"https:\/\/nwtombud.ca\/fr\/ressources\/","url_meta":{"origin":3324,"position":3},"title":"Information et brochures","author":"admin","date":"November 21, 2019","format":false,"excerpt":"Informations pour les autorit\u00e9s Conseils pour r\u00e9gler des probl\u00e8mes par vous-m\u00eame Brochure g\u00e9n\u00e9rale Download Brochure Centre CorrectionnelsDownload Brochure les \u00e9tablissements de longue dur\u00e9eDownload Brochure pour les jeunes v1Download Brochure pour les jeunes v2Download Pr\u00e9senter des excusesDownload Notre approcheDownload Principes d'\u00e9quit\u00e9 concernant les certificats de vaccinationDownload Affiches Affiche pour les jeunesDownload\u2026","rel":"","context":"Similar post","block_context":{"text":"Similar post","link":""},"img":{"alt_text":"","src":"","width":0,"height":0},"classes":[]},{"id":2692,"url":"https:\/\/nwtombud.ca\/fr\/que-se-passe-t-il-lorsque-je-communique-avec-le-protecteur-du-citoyen\/","url_meta":{"origin":3324,"position":4},"title":"Que se passe-t-il lorsque je communique avec le protecteur du citoyen?","author":"admin","date":"November 20, 2019","format":false,"excerpt":"Notre approcheDownload Voici ce qui se produit lorsque vous portez votre probl\u00e8me \u00e0 l\u2019attention du Bureau du protecteur du citoyen\u00a0: Nous \u00e9coutons (si vous nous appelez) ou nous lisons les renseignements que vous nous avez envoy\u00e9s. Ensuite, en fonction de ce que vous nous dites, nous pouvons\u00a0: vous donner de\u2026","rel":"","context":"Similar post","block_context":{"text":"Similar post","link":""},"img":{"alt_text":"","src":"","width":0,"height":0},"classes":[]},{"id":3647,"url":"https:\/\/nwtombud.ca\/fr\/balados\/","url_meta":{"origin":3324,"position":5},"title":"Balados","author":"NWT Ombud","date":"April 12, 2023","format":false,"excerpt":"Bienvenue \u00e0\u00a0Soyons justes,\u00a0un balado pr\u00e9sent\u00e9 par le Conseil canadien des ombudsmans parlementaires. Ce balado porte sur l\u2019\u00e9quit\u00e9 dans l\u2019administration publique. Nous approfondirons les raisons pour lesquelles l\u2019\u00e9quit\u00e9 est importante et d\u00e9couvrirons comment un(e) ombudsman dot\u00e9 d\u2019une expertise particuli\u00e8re dans le r\u00e8glement des plaintes peut r\u00e9gler ce qui ne fonctionne pas\u2026","rel":"","context":"Similar post","block_context":{"text":"Similar post","link":""},"img":{"alt_text":"","src":"","width":0,"height":0},"classes":[]}],"jetpack_sharing_enabled":true,"_links":{"self":[{"href":"https:\/\/nwtombud.ca\/fr\/wp-json\/wp\/v2\/pages\/3324","targetHints":{"allow":["GET"]}}],"collection":[{"href":"https:\/\/nwtombud.ca\/fr\/wp-json\/wp\/v2\/pages"}],"about":[{"href":"https:\/\/nwtombud.ca\/fr\/wp-json\/wp\/v2\/types\/page"}],"author":[{"embeddable":true,"href":"https:\/\/nwtombud.ca\/fr\/wp-json\/wp\/v2\/users\/6"}],"replies":[{"embeddable":true,"href":"https:\/\/nwtombud.ca\/fr\/wp-json\/wp\/v2\/comments?post=3324"}],"version-history":[{"count":4,"href":"https:\/\/nwtombud.ca\/fr\/wp-json\/wp\/v2\/pages\/3324\/revisions"}],"predecessor-version":[{"id":3689,"href":"https:\/\/nwtombud.ca\/fr\/wp-json\/wp\/v2\/pages\/3324\/revisions\/3689"}],"wp:attachment":[{"href":"https:\/\/nwtombud.ca\/fr\/wp-json\/wp\/v2\/media?parent=3324"}],"curies":[{"name":"wp","href":"https:\/\/api.w.org\/{rel}","templated":true}]}}