{"id":3647,"date":"2023-04-12T11:23:20","date_gmt":"2023-04-12T17:23:20","guid":{"rendered":"https:\/\/nwtombud.ca\/?page_id=3647"},"modified":"2023-04-12T11:30:29","modified_gmt":"2023-04-12T17:30:29","slug":"balados","status":"publish","type":"page","link":"https:\/\/nwtombud.ca\/fr\/balados\/","title":{"rendered":"Balados"},"content":{"rendered":"\n<p>Bienvenue \u00e0&nbsp;<strong>Soyons justes,<\/strong>&nbsp;un balado pr\u00e9sent\u00e9 par le Conseil canadien des ombudsmans parlementaires.<\/p>\n\n\n\n<p>Ce balado porte sur l\u2019\u00e9quit\u00e9 dans l\u2019administration publique. Nous approfondirons les raisons pour lesquelles l\u2019\u00e9quit\u00e9 est importante et d\u00e9couvrirons comment un(e) ombudsman dot\u00e9 d\u2019une expertise particuli\u00e8re dans le r\u00e8glement des plaintes peut r\u00e9gler ce qui ne fonctionne pas bien.<\/p>\n\n\n\n<p><a href=\"https:\/\/ccpo-ccop.ca\/fr-ca\/podcasts\/\">\u00c9coutez le balado<\/a><\/p>\n","protected":false},"excerpt":{"rendered":"<p>Bienvenue \u00e0&nbsp;Soyons justes,&nbsp;un balado pr\u00e9sent\u00e9 par le Conseil canadien des ombudsmans parlementaires. Ce balado porte sur l\u2019\u00e9quit\u00e9 dans l\u2019administration publique. Nous approfondirons les raisons pour lesquelles l\u2019\u00e9quit\u00e9 est importante et d\u00e9couvrirons comment un(e) ombudsman dot\u00e9 d\u2019une expertise particuli\u00e8re dans le r\u00e8glement des plaintes peut r\u00e9gler ce qui ne fonctionne pas bien. \u00c9coutez le balado<\/p>\n","protected":false},"author":6,"featured_media":0,"parent":0,"menu_order":0,"comment_status":"closed","ping_status":"closed","template":"","meta":{"generate_page_header":"","footnotes":""},"class_list":["post-3647","page","type-page","status-publish"],"yoast_head":"<!-- This site is optimized with the Yoast SEO plugin v27.3 - https:\/\/yoast.com\/product\/yoast-seo-wordpress\/ -->\n<title>Balados - Bureau du protecteur du citoyen des Territoires du nord-ouest<\/title>\n<meta name=\"robots\" content=\"index, follow, max-snippet:-1, max-image-preview:large, max-video-preview:-1\" \/>\n<link rel=\"canonical\" href=\"https:\/\/nwtombud.ca\/fr\/balados\/\" \/>\n<meta property=\"og:locale\" content=\"fr_FR\" \/>\n<meta property=\"og:type\" content=\"article\" \/>\n<meta property=\"og:title\" content=\"Balados - Bureau du protecteur du citoyen des Territoires du nord-ouest\" \/>\n<meta property=\"og:description\" content=\"Bienvenue \u00e0&nbsp;Soyons justes,&nbsp;un balado pr\u00e9sent\u00e9 par le Conseil canadien des ombudsmans parlementaires. Ce balado porte sur l\u2019\u00e9quit\u00e9 dans l\u2019administration publique. Nous approfondirons les raisons pour lesquelles l\u2019\u00e9quit\u00e9 est importante et d\u00e9couvrirons comment un(e) ombudsman dot\u00e9 d\u2019une expertise particuli\u00e8re dans le r\u00e8glement des plaintes peut r\u00e9gler ce qui ne fonctionne pas bien. \u00c9coutez le balado\" \/>\n<meta property=\"og:url\" content=\"https:\/\/nwtombud.ca\/fr\/balados\/\" \/>\n<meta property=\"og:site_name\" content=\"Bureau du protecteur du citoyen des Territoires du nord-ouest\" \/>\n<meta property=\"article:modified_time\" content=\"2023-04-12T17:30:29+00:00\" \/>\n<meta property=\"og:image\" content=\"https:\/\/i0.wp.com\/nwtombud.ca\/wp-content\/uploads\/2019\/11\/DSC_0635-e1573241108778.jpg?fit=1025%2C399&ssl=1\" \/>\n\t<meta property=\"og:image:width\" content=\"1025\" \/>\n\t<meta property=\"og:image:height\" content=\"399\" \/>\n\t<meta property=\"og:image:type\" content=\"image\/jpeg\" \/>\n<meta name=\"twitter:card\" content=\"summary_large_image\" \/>\n<meta name=\"twitter:label1\" content=\"Est. reading time\" \/>\n\t<meta name=\"twitter:data1\" content=\"1 minute\" \/>\n<script type=\"application\/ld+json\" class=\"yoast-schema-graph\">{\"@context\":\"https:\\\/\\\/schema.org\",\"@graph\":[{\"@type\":\"WebPage\",\"@id\":\"https:\\\/\\\/nwtombud.ca\\\/fr\\\/balados\\\/\",\"url\":\"https:\\\/\\\/nwtombud.ca\\\/fr\\\/balados\\\/\",\"name\":\"Balados - Bureau du protecteur du citoyen des Territoires du nord-ouest\",\"isPartOf\":{\"@id\":\"https:\\\/\\\/nwtombud.ca\\\/fr\\\/#website\"},\"datePublished\":\"2023-04-12T17:23:20+00:00\",\"dateModified\":\"2023-04-12T17:30:29+00:00\",\"breadcrumb\":{\"@id\":\"https:\\\/\\\/nwtombud.ca\\\/fr\\\/balados\\\/#breadcrumb\"},\"inLanguage\":\"fr-FR\",\"potentialAction\":[{\"@type\":\"ReadAction\",\"target\":[\"https:\\\/\\\/nwtombud.ca\\\/fr\\\/balados\\\/\"]}]},{\"@type\":\"BreadcrumbList\",\"@id\":\"https:\\\/\\\/nwtombud.ca\\\/fr\\\/balados\\\/#breadcrumb\",\"itemListElement\":[{\"@type\":\"ListItem\",\"position\":1,\"name\":\"Home\",\"item\":\"https:\\\/\\\/nwtombud.ca\\\/fr\\\/\"},{\"@type\":\"ListItem\",\"position\":2,\"name\":\"Balados\"}]},{\"@type\":\"WebSite\",\"@id\":\"https:\\\/\\\/nwtombud.ca\\\/fr\\\/#website\",\"url\":\"https:\\\/\\\/nwtombud.ca\\\/fr\\\/\",\"name\":\"Bureau du protecteur du citoyen des Territoires du nord-ouest\",\"description\":\"\",\"publisher\":{\"@id\":\"https:\\\/\\\/nwtombud.ca\\\/fr\\\/#organization\"},\"potentialAction\":[{\"@type\":\"SearchAction\",\"target\":{\"@type\":\"EntryPoint\",\"urlTemplate\":\"https:\\\/\\\/nwtombud.ca\\\/fr\\\/?s={search_term_string}\"},\"query-input\":{\"@type\":\"PropertyValueSpecification\",\"valueRequired\":true,\"valueName\":\"search_term_string\"}}],\"inLanguage\":\"fr-FR\"},{\"@type\":\"Organization\",\"@id\":\"https:\\\/\\\/nwtombud.ca\\\/fr\\\/#organization\",\"name\":\"Office of the Northwest Territories Ombud\",\"url\":\"https:\\\/\\\/nwtombud.ca\\\/fr\\\/\",\"logo\":{\"@type\":\"ImageObject\",\"inLanguage\":\"fr-FR\",\"@id\":\"https:\\\/\\\/nwtombud.ca\\\/fr\\\/#\\\/schema\\\/logo\\\/image\\\/\",\"url\":\"https:\\\/\\\/nwtombud.ca\\\/wp-content\\\/uploads\\\/2019\\\/10\\\/nwt-ombud-header-logo-en-1.png\",\"contentUrl\":\"https:\\\/\\\/nwtombud.ca\\\/wp-content\\\/uploads\\\/2019\\\/10\\\/nwt-ombud-header-logo-en-1.png\",\"width\":415,\"height\":120,\"caption\":\"Office of the Northwest Territories Ombud\"},\"image\":{\"@id\":\"https:\\\/\\\/nwtombud.ca\\\/fr\\\/#\\\/schema\\\/logo\\\/image\\\/\"}}]}<\/script>\n<!-- \/ Yoast SEO plugin. -->","yoast_head_json":{"title":"Balados - Bureau du protecteur du citoyen des Territoires du nord-ouest","robots":{"index":"index","follow":"follow","max-snippet":"max-snippet:-1","max-image-preview":"max-image-preview:large","max-video-preview":"max-video-preview:-1"},"canonical":"https:\/\/nwtombud.ca\/fr\/balados\/","og_locale":"fr_FR","og_type":"article","og_title":"Balados - Bureau du protecteur du citoyen des Territoires du nord-ouest","og_description":"Bienvenue \u00e0&nbsp;Soyons justes,&nbsp;un balado pr\u00e9sent\u00e9 par le Conseil canadien des ombudsmans parlementaires. Ce balado porte sur l\u2019\u00e9quit\u00e9 dans l\u2019administration publique. Nous approfondirons les raisons pour lesquelles l\u2019\u00e9quit\u00e9 est importante et d\u00e9couvrirons comment un(e) ombudsman dot\u00e9 d\u2019une expertise particuli\u00e8re dans le r\u00e8glement des plaintes peut r\u00e9gler ce qui ne fonctionne pas bien. \u00c9coutez le balado","og_url":"https:\/\/nwtombud.ca\/fr\/balados\/","og_site_name":"Bureau du protecteur du citoyen des Territoires du nord-ouest","article_modified_time":"2023-04-12T17:30:29+00:00","og_image":[{"width":1025,"height":399,"url":"https:\/\/i0.wp.com\/nwtombud.ca\/wp-content\/uploads\/2019\/11\/DSC_0635-e1573241108778.jpg?fit=1025%2C399&ssl=1","type":"image\/jpeg"}],"twitter_card":"summary_large_image","twitter_misc":{"Est. reading time":"1 minute"},"schema":{"@context":"https:\/\/schema.org","@graph":[{"@type":"WebPage","@id":"https:\/\/nwtombud.ca\/fr\/balados\/","url":"https:\/\/nwtombud.ca\/fr\/balados\/","name":"Balados - Bureau du protecteur du citoyen des Territoires du nord-ouest","isPartOf":{"@id":"https:\/\/nwtombud.ca\/fr\/#website"},"datePublished":"2023-04-12T17:23:20+00:00","dateModified":"2023-04-12T17:30:29+00:00","breadcrumb":{"@id":"https:\/\/nwtombud.ca\/fr\/balados\/#breadcrumb"},"inLanguage":"fr-FR","potentialAction":[{"@type":"ReadAction","target":["https:\/\/nwtombud.ca\/fr\/balados\/"]}]},{"@type":"BreadcrumbList","@id":"https:\/\/nwtombud.ca\/fr\/balados\/#breadcrumb","itemListElement":[{"@type":"ListItem","position":1,"name":"Home","item":"https:\/\/nwtombud.ca\/fr\/"},{"@type":"ListItem","position":2,"name":"Balados"}]},{"@type":"WebSite","@id":"https:\/\/nwtombud.ca\/fr\/#website","url":"https:\/\/nwtombud.ca\/fr\/","name":"Bureau du protecteur du citoyen des Territoires du nord-ouest","description":"","publisher":{"@id":"https:\/\/nwtombud.ca\/fr\/#organization"},"potentialAction":[{"@type":"SearchAction","target":{"@type":"EntryPoint","urlTemplate":"https:\/\/nwtombud.ca\/fr\/?s={search_term_string}"},"query-input":{"@type":"PropertyValueSpecification","valueRequired":true,"valueName":"search_term_string"}}],"inLanguage":"fr-FR"},{"@type":"Organization","@id":"https:\/\/nwtombud.ca\/fr\/#organization","name":"Office of the Northwest Territories Ombud","url":"https:\/\/nwtombud.ca\/fr\/","logo":{"@type":"ImageObject","inLanguage":"fr-FR","@id":"https:\/\/nwtombud.ca\/fr\/#\/schema\/logo\/image\/","url":"https:\/\/nwtombud.ca\/wp-content\/uploads\/2019\/10\/nwt-ombud-header-logo-en-1.png","contentUrl":"https:\/\/nwtombud.ca\/wp-content\/uploads\/2019\/10\/nwt-ombud-header-logo-en-1.png","width":415,"height":120,"caption":"Office of the Northwest Territories Ombud"},"image":{"@id":"https:\/\/nwtombud.ca\/fr\/#\/schema\/logo\/image\/"}}]}},"jetpack_shortlink":"https:\/\/wp.me\/PbwmVy-WP","jetpack-related-posts":[{"id":2717,"url":"https:\/\/nwtombud.ca\/fr\/a-propos-de-lequite-administrative\/","url_meta":{"origin":3647,"position":0},"title":"L\u2019\u00e9quit\u00e9 administrative","author":"admin","date":"November 20, 2019","format":false,"excerpt":"Chaque jour, les organismes gouvernementaux prennent des mesures et des d\u00e9cisions qui influencent la vie des gens. L\u2019\u00e9quit\u00e9 administrative est une norme de conduite que les organismes gouvernementaux d\u2019une soci\u00e9t\u00e9 d\u00e9mocratique sont tenus d\u2019adopter. On s\u2019attend \u00e0 ce que les organismes gouvernementaux traitent les gens de fa\u00e7on \u00e9quitable et raisonnable.\u2026","rel":"","context":"Similar post","block_context":{"text":"Similar post","link":""},"img":{"alt_text":"","src":"https:\/\/i0.wp.com\/nwtombud.ca\/wp-content\/uploads\/2019\/11\/fairness-triangle-fr.png?resize=350%2C200&ssl=1","width":350,"height":200},"classes":[]},{"id":2748,"url":"https:\/\/nwtombud.ca\/fr\/a-propos\/","url_meta":{"origin":3647,"position":1},"title":"\u00c0 propos","author":"admin","date":"November 21, 2019","format":false,"excerpt":"Le mandat du protecteur du citoyen consiste \u00e0 examiner les iniquit\u00e9s administratives au sein des administrations publiques territoriales et \u00e0 tenter d\u2019y trouver une solution. Il consiste \u00e9galement \u00e0 informer le public au sujet des principes de l\u2019\u00e9quit\u00e9 administrative et du r\u00f4le du protecteur du citoyen. Caract\u00e9ristiques du Bureau\u00a0: Il\u2026","rel":"","context":"Similar post","block_context":{"text":"Similar post","link":""},"img":{"alt_text":"","src":"","width":0,"height":0},"classes":[]},{"id":2703,"url":"https:\/\/nwtombud.ca\/fr\/foire-aux-questions\/","url_meta":{"origin":3647,"position":2},"title":"Foire aux questions","author":"admin","date":"November 20, 2019","format":false,"excerpt":"Qu\u2019est-ce que le Bureau du protecteur du citoyen? Il s\u2019agit d\u2019un bureau ind\u00e9pendant qui d\u00e9fend l\u2019\u00e9quit\u00e9 au sein de l\u2019administration et des services gouvernementaux aux TNO. Il re\u00e7oit les plaintes de citoyens qui estiment avoir \u00e9t\u00e9 trait\u00e9s de fa\u00e7on injuste par les organismes territoriaux et m\u00e8ne des enqu\u00eates sur ces\u2026","rel":"","context":"Similar post","block_context":{"text":"Similar post","link":""},"img":{"alt_text":"","src":"","width":0,"height":0},"classes":[]},{"id":2753,"url":"https:\/\/nwtombud.ca\/fr\/a-propos\/la-protectrice-du-citoyen\/","url_meta":{"origin":3647,"position":3},"title":"La protectrice du citoyen","author":"admin","date":"November 21, 2019","format":false,"excerpt":"Mme\u00a0Krista Carnogursky a \u00e9t\u00e9 nomm\u00e9e protectrice du citoyen par l\u2019Assembl\u00e9e l\u00e9gislative pour un mandat de cinq ans \u00e0 compter du 1er\u00a0juillet\u00a02024. N\u00e9e \u00e0 Inuvik, aux Territoires du Nord-Ouest, Mme\u00a0Carnogursky est d\u2019origine gwich\u2019in. Apr\u00e8s avoir fait des \u00e9tudes postsecondaires, elle obtient un dipl\u00f4me en services correctionnels ainsi qu\u2019un dipl\u00f4me en justice\u2026","rel":"","context":"Similar post","block_context":{"text":"Similar post","link":""},"img":{"alt_text":"","src":"https:\/\/i0.wp.com\/nwtombud.ca\/wp-content\/uploads\/2024\/07\/Pic-for-site-cropped.jpg?resize=350%2C200&ssl=1","width":350,"height":200,"srcset":"https:\/\/i0.wp.com\/nwtombud.ca\/wp-content\/uploads\/2024\/07\/Pic-for-site-cropped.jpg?resize=350%2C200&ssl=1 1x, https:\/\/i0.wp.com\/nwtombud.ca\/wp-content\/uploads\/2024\/07\/Pic-for-site-cropped.jpg?resize=525%2C300&ssl=1 1.5x, https:\/\/i0.wp.com\/nwtombud.ca\/wp-content\/uploads\/2024\/07\/Pic-for-site-cropped.jpg?resize=700%2C400&ssl=1 2x, https:\/\/i0.wp.com\/nwtombud.ca\/wp-content\/uploads\/2024\/07\/Pic-for-site-cropped.jpg?resize=1050%2C600&ssl=1 3x, https:\/\/i0.wp.com\/nwtombud.ca\/wp-content\/uploads\/2024\/07\/Pic-for-site-cropped.jpg?resize=1400%2C800&ssl=1 4x"},"classes":[]},{"id":2785,"url":"https:\/\/nwtombud.ca\/fr\/ressources\/informations-pour-les-autorites\/","url_meta":{"origin":3647,"position":4},"title":"Informations pour les autorit\u00e9s","author":"admin","date":"November 26, 2019","format":false,"excerpt":"Lorsque le bureau de la protectrice du citoyen communique avec votre organisme au sujet d\u2019une plainte, nous cherchons \u00e0\u00a0: comprendre, du point de vue de votre organisme, ce qui s\u2019est pass\u00e9 dans la situation qui fait l\u2019objet d\u2019une plainte; obtenir toutes les politiques et proc\u00e9dures applicables, ainsi que les dossiers\u2026","rel":"","context":"Similar post","block_context":{"text":"Similar post","link":""},"img":{"alt_text":"","src":"","width":0,"height":0},"classes":[]},{"id":2781,"url":"https:\/\/nwtombud.ca\/fr\/conseils-pour-regler-des-problemes-par-vous-meme\/","url_meta":{"origin":3647,"position":5},"title":"Conseils pour r\u00e9gler des probl\u00e8mes par vous-m\u00eame","author":"admin","date":"November 25, 2019","format":false,"excerpt":"Les conseils suivants contiennent information et conseils pratiques sur la mani\u00e8re de traiter avec le gouvernement pour r\u00e9soudre vos probl\u00e8mes vous-m\u00eame avant de communiquer avec le bureau de la protectrice du citoyen ou un autre organisme pour obtenir de l\u2019aide. Des conflits, des d\u00e9saccords et des divergences d\u2019opinions peuvent survenir\u00a0:\u2026","rel":"","context":"Similar post","block_context":{"text":"Similar post","link":""},"img":{"alt_text":"","src":"","width":0,"height":0},"classes":[]}],"jetpack_sharing_enabled":true,"_links":{"self":[{"href":"https:\/\/nwtombud.ca\/fr\/wp-json\/wp\/v2\/pages\/3647","targetHints":{"allow":["GET"]}}],"collection":[{"href":"https:\/\/nwtombud.ca\/fr\/wp-json\/wp\/v2\/pages"}],"about":[{"href":"https:\/\/nwtombud.ca\/fr\/wp-json\/wp\/v2\/types\/page"}],"author":[{"embeddable":true,"href":"https:\/\/nwtombud.ca\/fr\/wp-json\/wp\/v2\/users\/6"}],"replies":[{"embeddable":true,"href":"https:\/\/nwtombud.ca\/fr\/wp-json\/wp\/v2\/comments?post=3647"}],"version-history":[{"count":2,"href":"https:\/\/nwtombud.ca\/fr\/wp-json\/wp\/v2\/pages\/3647\/revisions"}],"predecessor-version":[{"id":3687,"href":"https:\/\/nwtombud.ca\/fr\/wp-json\/wp\/v2\/pages\/3647\/revisions\/3687"}],"wp:attachment":[{"href":"https:\/\/nwtombud.ca\/fr\/wp-json\/wp\/v2\/media?parent=3647"}],"curies":[{"name":"wp","href":"https:\/\/api.w.org\/{rel}","templated":true}]}}